{"id":19567,"date":"2017-05-17T19:14:32","date_gmt":"2017-05-17T17:14:32","guid":{"rendered":"https:\/\/www.magnum-partners.com\/politica-de-cookies\/"},"modified":"2024-07-16T19:07:31","modified_gmt":"2024-07-16T17:07:31","slug":"politica-de-cookies","status":"publish","type":"page","link":"https:\/\/www.magnum-partners.com\/de\/politica-de-cookies\/","title":{"rendered":"Pol\u00edtica de Cookies"},"content":{"rendered":"\n<div class=\"wp-block-group\"><div class=\"wp-block-group__inner-container is-layout-flow wp-block-group-is-layout-flow\">\n<h1><strong>Pol\u00edtica de cookies<\/strong><\/h1>\n<p>En la web <a href=\"https:\/\/new.magnum-partners.com\/de\/\">https:\/\/new.magnum-partners.com\/<\/a> utilizamos cookies para facilitar la relaci\u00f3n de los visitantes con nuestro contenido y para permitir elaborar estad\u00edsticas sobre las visitas que recibimos.<\/p>\n<p>En cumplimiento de la Directiva 2009\/136\/CE, desarrollada en nuestro ordenamiento por el apartado segundo del art\u00edculo 22 de la Ley de Servicios de Sociedad de la Informaci\u00f3n y siguiendo las directrices de la Agencia Espa\u00f1ola de Protecci\u00f3n de Datos, procedemos a informarle detalladamente del uso que se realiza en nuestra web.<\/p>\n<h4><strong>Definici\u00f3n y Pol\u00edtica de Cookies<\/strong><\/h4>\n<p>\u00bfQu\u00e9 son las cookies? Una cookie es un fichero que se descarga en su ordenador al acceder a determinadas p\u00e1ginas web. Las cookies permiten a una p\u00e1gina web, entre otras cosas, almacenar y recuperar informaci\u00f3n sobre los h\u00e1bitos de navegaci\u00f3n de un usuario o de su equipo y, dependiendo de la informaci\u00f3n que contengan y de la forma en que utilice su equipo, pueden utilizarse para reconocer al usuario. En definitiva, la finalidad de las cookies es la de facilitar al Usuario un acceso m\u00e1s r\u00e1pido a los Servicios seleccionados. <\/p>\n<h4><strong>Tipos de Cookies<\/strong><\/h4>\n<p>Las Cookies, en funci\u00f3n de su permanencia, pueden dividirse en Cookies de sesi\u00f3n o permanentes. Las primeras expiran cuando el Usuario cierra el navegador. Las segundas expiran en funci\u00f3n cuando se cumpla el objetivo para el que sirven o bien cuando se borran manualmente.<\/p>\n<p>Adicionalmente, en funci\u00f3n de su objetivo, las Cookies puedes clasificarse de la siguiente forma:<\/p>\n<p><strong>COOKIES DE RENDIMIENTO<\/strong>: Este tipo de Cookie recuerda sus preferencias para las herramientas que se encuentran en los Servicios, por lo que no tiene que volver a configurar el servicio cada vez que usted visita.<\/p>\n<p><strong>COOKIES DE REGISTRO<\/strong>: Las Cookies de registro se generan una vez que el Usuario se ha registrado o posteriormente ha abierto su sesi\u00f3n, y se utilizan para identificarle en los Servicios con los siguientes objetivos:<\/p>\n<ul>\n<li>Mantener al Usuario identificado de forma que, si cierra un Servicio, el navegador o el ordenador y en otro momento u otro d\u00eda vuelve a entrar en dicho Servicio, seguir\u00e1 identificado, facilitando as\u00ed su navegaci\u00f3n sin tener que volver a identificarse. Esta funcionalidad se puede suprimir si el Usuario pulsa la funcionalidad \u201ccerrar sesi\u00f3n\u201d, de forma que esta Cookie se elimina y la pr\u00f3xima vez que entre en el Servicio el Usuario tendr\u00e1 que iniciar sesi\u00f3n para estar identificado.<\/li>\n<li>Adicionalmente, algunos Servicios pueden utilizar conectores con redes sociales tales como Facebook o Twitter. Cuando el Usuario se registra en un Servicio con credenciales de una red social, autoriza a la red social a guardar una Cookie persistente que recuerda su identidad y le garantiza acceso a los Servicios hasta que expira. El Usuario puede borrar esta Cookie y revocar el acceso a los Servicios mediante redes sociales actualizando sus preferencias en la red social que espec\u00edfica.<\/li>\n<\/ul>\n<p><strong>COOKIES ANAL\u00cdTICAS<\/strong>: Son aqu\u00e9llas que bien tratadas por el titular de la Web o por terceros, permiten cuantificar el n\u00famero de usuarios y as\u00ed realizar la medici\u00f3n y an\u00e1lisis estad\u00edstico de la utilizaci\u00f3n que hacen los usuarios del servicio ofertado. Para ello se analiza su navegaci\u00f3n en la p\u00e1gina web con el fin de mejorar la oferta de productos o servicios que se ofrecen.<\/p>\n<p><strong>COOKIES DE PUBLICIDAD<\/strong>: Son aqu\u00e9llas que, bien tratadas por el titular de la Web o por terceros, permiten gestionar de la forma m\u00e1s eficaz posible la oferta de los espacios publicitarios que hay en la p\u00e1gina web, adecuando el contenido del anuncio al contenido del servicio solicitado o al uso que se realice de la p\u00e1gina web. Para ello se pueden analizar sus h\u00e1bitos de navegaci\u00f3n en Internet y mostrarle publicidad relacionada con su perfil de navegaci\u00f3n.<\/p>\n<h4>\u00bfQu\u00e9 tipos de cookies utiliza esta p\u00e1gina web?<\/h4>\n<p>El usuario puede comprobar mediante su navegador, qu\u00e9 tipos de cookies se utilizan en cualquier sitio Web.<\/p>\n<p><strong>Comprobaci\u00f3n en Google Chrome<\/strong><\/p>\n<p>1) Hacer clic con el bot\u00f3n derecho del rat\u00f3n en cualquier lugar del fondo de la <strong>web<\/strong> y seleccionar \u201cinspeccionar\u201d en el men\u00fa desplegable. Alternativamente, situados en la Web se puede realizar la pulsaci\u00f3n de teclas (Ctrl+Mayus+i)<\/p>\n<p>2) En la nueva ventana emergente, que se abre, pulsar sobre \u201caplicaci\u00f3n\u201d.<\/p>\n<p>3) En el listado que aparece en la izquierda pulsar sobre \u201c<strong>cookies<\/strong>\u201d.<\/p>\n<p><strong>Comprobaci\u00f3n en Firefox<\/strong><\/p>\n<p>1) Hacer clic con el bot\u00f3n derecho del rat\u00f3n en cualquier lugar del fondo de la <strong>web<\/strong> y seleccionar \u201cinspeccionar elemento\u201d en el men\u00fa desplegable.<\/p>\n<p>2) En la nueva ventana emergente, de inspecci\u00f3n que se abre, pulsar sobre \u201calmacenamiento\u201d.<\/p>\n<p>3) En el listado que aparece en la izquierda pulsar sobre \u201c<strong>cookies<\/strong>\u201d.<\/p>\n<p><strong>Comprobaci\u00f3n en Microsoft Edge<\/strong><\/p>\n<p>1) Hacer clic con el bot\u00f3n derecho del rat\u00f3n en cualquier lugar del fondo de la <strong>web<\/strong> y seleccionar \u201cinspeccionar\u201d en el men\u00fa desplegable. Alternativamente, situados en la Web se puede realizar la pulsaci\u00f3n de teclas (Ctrl+Mayus+i)<\/p>\n<p>2) En la nueva ventana emergente, que se abre, pulsar sobre \u201caplicaci\u00f3n\u201d.<\/p>\n<p>3) En el listado que aparece en la izquierda pulsar sobre \u201c<strong>cookies<\/strong>\u201d.<\/p>\n<p>Algunas cookies aseguran que ciertas partes del sitio web funcionen correctamente y que sus preferencias de usuario sigan siendo conocidas. Al colocar cookies funcionales, le facilitamos la visita a nuestro sitio web. De esta manera, usted no necesita introducir repetidamente la misma informaci\u00f3n cuando visita nuestro sitio web. Podemos colocar estas cookies sin su consentimiento.<\/p>\n<p>Respecto de las cookies de terceros, es decir aquellas que son ajenas a nuestro sitio web, no podemos hacernos responsables del contenido y veracidad de las pol\u00edticas de privacidad que ellos incluyen por lo que la informaci\u00f3n que le ofrecemos es siempre con referencia a la fuente. <\/p>\n<p>A continuaci\u00f3n, le informamos detalladamente de las cookies que pueden instalarse desde nuestro sitio web. En funci\u00f3n de su navegaci\u00f3n podr\u00e1n instalarse todas o s\u00f3lo algunas de ellas.<\/p>\n<table width=\"100%\">\n<tbody>\n<tr>\n<td width=\"132\">\n<p><strong>Nombre<\/strong><\/p>\n<\/td>\n<td width=\"350\">\n<p><strong>Finalidad<\/strong><\/p>\n<\/td>\n<td width=\"76\">\n<p><strong>Duraci\u00f3n<\/strong><\/p>\n<\/td>\n<td width=\"84\">\n<p><strong>Propietario<\/strong><\/p>\n<\/td>\n<\/tr>\n<tr>\n<td width=\"132\">\n<p>__Secure-3PAPISID,<\/p>\n<p>__Secure-3PSID,<\/p>\n<p> __Secure-3PSIDCC,<\/p>\n<\/td>\n<td width=\"350\">\n<p>Estas cookies se utilizan para entregar anuncios m\u00e1s relevantes para usted y sus intereses<\/p>\n<\/td>\n<td width=\"76\">\n<p>2a\u00f1os<\/p>\n<\/td>\n<td width=\"84\">\n<p>Google<\/p>\n<\/td>\n<\/tr>\n<tr>\n<td width=\"132\">\n<p>VISITOR_INFO1_LIVE<sup>(2)<\/sup><\/p>\n<\/td>\n<td width=\"350\">\n<p> Realiza el seguimiento de los videos visitados que se encuentran incrustados en la web. Intenta calcular el ancho de banda del usuario en p\u00e1ginas con v\u00eddeos de You Tube integrados.<\/p>\n<\/td>\n<td width=\"76\">\n<p> Persistente<\/p>\n<\/td>\n<td width=\"84\">\n<p>Youtube<\/p>\n<\/td>\n<\/tr>\n<tr>\n<td width=\"132\">\n<p>SID, NID, HSID, APISID, LOGIN_INFO, SAPISID, YSC<sup>(2)<\/sup><\/p>\n<\/td>\n<td width=\"350\">\n<p> Cookies t\u00e9cnicas utilizadas por youtube<\/p>\n<\/td>\n<td width=\"76\">\n<p> Sesi\u00f3n<\/p>\n<\/td>\n<td width=\"84\">\n<p> Youtube<\/p>\n<\/td>\n<\/tr>\n<tr>\n<td width=\"132\">\n<p> AID, ANID, NID, APISID, CONSENT, HSID, SAPISID, SID, SSID, SIDCC, 1P_JAR<\/p>\n<\/td>\n<td width=\"350\">\n<p> Recoger informaci\u00f3n para el buscador de Google incluido en la web (Google CSE).<\/p>\n<\/td>\n<td width=\"76\">\n<p> Persistente<\/p>\n<\/td>\n<td width=\"84\">\n<p> Google<\/p>\n<\/td>\n<\/tr>\n<tr>\n<td width=\"132\">\n<p>OGP, OGPC<\/p>\n<\/td>\n<td width=\"350\">\n<p>Se usan para visualizar ubicaciones geogr\u00e1ficas. Estas cookies son gestionadas enteramente por Google<\/p>\n<\/td>\n<td width=\"76\">\n<p>Persistente<\/p>\n<\/td>\n<td width=\"84\">\n<p>Google<\/p>\n<\/td>\n<\/tr>\n<tr>\n<td width=\"132\">\n<p>_ga, _gat, _gid<sup>(1)<\/sup><\/p>\n<\/td>\n<td width=\"350\">\n<p> Cookies utilizadas por Google Analytics que contiene un identificador an\u00f3nimo usado para distinguir usuarios, generar datos estad\u00edsticos acerca de c\u00f3mo utiliza el visitante el sitio web y controlar la tasa de peticiones.<\/p>\n<\/td>\n<td width=\"76\">\n<p> Persistente<\/p>\n<\/td>\n<td width=\"84\">\n<p> www.google-analytics.com<\/p>\n<\/td>\n<\/tr>\n<tr>\n<td width=\"132\">\n<p>_fbp, fr, tr<sup>(3)<\/sup><\/p>\n<\/td>\n<td width=\"350\">\n<p> Cookies utilizadas por Facebook para mostrar en Facebook publicidad de esta web<\/p>\n<\/td>\n<td width=\"76\">\n<p> Persistente<\/p>\n<\/td>\n<td width=\"84\">\n<p> facebook.com<\/p>\n<\/td>\n<\/tr>\n<tr>\n<td width=\"132\">\n<p>_icl_visitor_lang_js<\/p>\n<p>wpml_browser_redirect_test<\/p>\n<\/td>\n<td width=\"350\">\n<p>Nos permite identificar el idioma del usuario a fin de mostrarle la p\u00e1gina web en el idioma correcto<\/p>\n<\/td>\n<td width=\"76\">\n<p>De Sesi\u00f3n<\/p>\n<\/td>\n<td width=\"84\">\n<p>Propia<\/p>\n<\/td>\n<\/tr>\n<\/tbody>\n<\/table>\n<p>(1) Cookies de Google Analytics: permiten hacer un seguimiento del sitio web mediante la herramienta Google Analytics, que es un servicio proporcionado por Google para obtener informaci\u00f3n de los accesos de los usuarios a los sitios web. Algunos de los datos almacenados para posteriores an\u00e1lisis son: el n\u00famero de veces que el usuario ha visitado el sitio web, fechas de la primera y la \u00faltima visita del usuario, duraci\u00f3n de las visitas, p\u00e1gina desde la que el usuario ha accedido al sitio web, el motor de b\u00fasqueda que el usuario ha usado para llegar al sitio web o v\u00ednculo que ha seleccionado, lugar del mundo desde el que accede el usuario, etc. La configuraci\u00f3n de estas cookies est\u00e1 predeterminada por el servicio que ofrece Google, motivo por el cual le sugerimos que consulte la p\u00e1gina de privacidad de Google Analytics, <a href=\"http:\/\/www.google.com\/intl\/es\/analytics\/privacyoverview.html\">http:\/\/www.google.com\/intl\/es\/analytics\/privacyoverview.html<\/a> para obtener m\u00e1s informaci\u00f3n sobre las cookies que usa y c\u00f3mo deshabilitarlas (entendi\u00e9ndose que no somos responsables del contenido o la veracidad de los sitios web de terceros).<\/p>\n<p>(2) Cookies de Youtube: Utilizadas en la reproducci\u00f3n de v\u00eddeos a trav\u00e9s de la web. Puede obtener m\u00e1s informaci\u00f3n sobre las cookies que usa y c\u00f3mo deshabilitarlas en http:\/\/www.google.es\/intl\/es\/policies\/technologies\/cookies\/ (entendi\u00e9ndose que no somos responsables del contenido o la veracidad de los sitios web de terceros).<\/p>\n<p>3) Cookies de Facebook: Utilizadas por Facebook para proporcionar una serie de productos publicitarios en Facebook. Puede obtener m\u00e1s informaci\u00f3n sobre las cookies que usa y c\u00f3mo deshabilitarlas en <a href=\"https:\/\/www.facebook.com\/about\/privacy\">https:\/\/www.facebook.com\/about\/privacy<\/a> (entendi\u00e9ndose que no somos responsables del contenido o la veracidad de los sitios web de terceros).<\/p>\n<p>Si no desea que se guarden cookies en su navegador o prefiere recibir una informaci\u00f3n cada vez que una cookie solicite instalarse, puede configurar sus opciones de navegaci\u00f3n para que se haga de esa forma. La mayor parte de los navegadores permiten la gesti\u00f3n de las cookies de 3 formas diferentes:<\/p>\n<ul>\n<li>Las cookies son siempre rechazadas;<\/li>\n<li>El navegador pregunta si el usuario desea instalar cada cookie;<\/li>\n<li>Las cookies son siempre aceptadas;<\/li>\n<\/ul>\n<p>Su navegador tambi\u00e9n puede incluir la posibilidad de seleccionar con detalle las cookies que desea que se instalen en su ordenador. En concreto, el usuario puede normalmente aceptar alguna de las siguientes opciones:<\/p>\n<ul>\n<li>rechazar las cookies de determinados dominios;<\/li>\n<li>rechazar las cookies de terceros;<\/li>\n<li>aceptar cookies como no persistentes (se eliminan cuando el navegador se cierra);<\/li>\n<li>permitir al servidor crear cookies para un dominio diferente.<\/li>\n<\/ul>\n<p>Para permitir, conocer, bloquear o eliminar las cookies instaladas en su equipo puede hacerlo mediante la configuraci\u00f3n de las opciones del navegador instalado en su ordenador.<\/p>\n<p>Puede encontrar informaci\u00f3n sobre c\u00f3mo configurar los navegadores m\u00e1s usados en las siguientes ubicaciones:<\/p>\n<ul>\n<li>Internet Explorer: Herramientas -&gt; Opciones de Internet -&gt; Privacidad -&gt; Configuraci\u00f3n.<\/li>\n<li>Firefox: Herramientas -&gt; Opciones -&gt; Privacidad -&gt; Historial -&gt; Configuraci\u00f3n Personalizada.<\/li>\n<li>Chrome: Configuraci\u00f3n -&gt; Mostrar opciones avanzadas -&gt; Privacidad -&gt; Configuraci\u00f3n de contenido.<\/li>\n<li>Safari: Preferencias -&gt; Seguridad.<\/li>\n<\/ul>\n<ul>\n<li>Para m\u00e1s informaci\u00f3n sobre Internet Explorer pulse <a href=\"http:\/\/windows.microsoft.com\/es-ES\/windows\/support\">aqu\u00ed<\/a>.<\/li>\n<li>Para m\u00e1s informaci\u00f3n sobre Firefox pulse <a href=\"http:\/\/support.mozilla.org\/es\/home\">aqu\u00ed<\/a>.<\/li>\n<li>Para m\u00e1s informaci\u00f3n sobre Chrome pulse <a href=\"http:\/\/support.google.com\/chrome\/?hl=es\">aqu\u00ed<\/a>.<\/li>\n<li>Para m\u00e1s informaci\u00f3n sobre Safari pulse <a href=\"http:\/\/www.apple.com\/es\/support\/safari\/\">aqu\u00ed<\/a>.<\/li>\n<li>Para m\u00e1s informaci\u00f3n sobre Opera pulse <a href=\"http:\/\/help.opera.com\/Linux\/10.60\/es-ES\/cookies.html\">aqu\u00ed<\/a>.<\/li>\n<\/ul>\n<p>Se puede modificar esta Pol\u00edtica de Cookies en funci\u00f3n de exigencias legislativas, reglamentarias, o con la finalidad de adaptar dicha pol\u00edtica a las instrucciones dictadas por la Agencia Espa\u00f1ola de Protecci\u00f3n de Datos, por ello se aconseja a los Usuarios que la visiten peri\u00f3dicamente.<\/p>\n<p>Cuando se produzcan cambios significativos en esta Pol\u00edtica de Cookies, se comunicar\u00e1n a los Usuarios bien mediante la web o a trav\u00e9s de correo electr\u00f3nico a los Usuarios registrados.<\/p>\n<p> <\/p>\n<\/div><\/div>\n\n<p><\/p>\n\n<p>Si desea restablecer la barra inferior de configuraci\u00f3n de cookies pulse sobre el siguiente enlace y refresque la p\u00e1gina:<\/p>\n<a href=\"\" class=\"cookielawinfo-cookie-delete\">Cookies l\u00f6schen<\/a>\n","protected":false},"excerpt":{"rendered":"<p>Pol\u00edtica de cookies En la web https:\/\/new.magnum-partners.com\/ utilizamos cookies para facilitar la relaci\u00f3n de los visitantes con nuestro contenido y para permitir elaborar estad\u00edsticas sobre las visitas que recibimos. En cumplimiento de la Directiva 2009\/136\/CE, desarrollada en nuestro ordenamiento por el apartado segundo del art\u00edculo 22 de la Ley de Servicios de Sociedad de la [&hellip;]<\/p>\n","protected":false},"author":1,"featured_media":0,"parent":0,"menu_order":7,"comment_status":"closed","ping_status":"closed","template":"","meta":{"_acf_changed":false,"footnotes":""},"class_list":["post-19567","page","type-page","status-publish","hentry"],"acf":[],"_links":{"self":[{"href":"https:\/\/www.magnum-partners.com\/de\/wp-json\/wp\/v2\/pages\/19567","targetHints":{"allow":["GET"]}}],"collection":[{"href":"https:\/\/www.magnum-partners.com\/de\/wp-json\/wp\/v2\/pages"}],"about":[{"href":"https:\/\/www.magnum-partners.com\/de\/wp-json\/wp\/v2\/types\/page"}],"author":[{"embeddable":true,"href":"https:\/\/www.magnum-partners.com\/de\/wp-json\/wp\/v2\/users\/1"}],"replies":[{"embeddable":true,"href":"https:\/\/www.magnum-partners.com\/de\/wp-json\/wp\/v2\/comments?post=19567"}],"version-history":[{"count":1,"href":"https:\/\/www.magnum-partners.com\/de\/wp-json\/wp\/v2\/pages\/19567\/revisions"}],"predecessor-version":[{"id":19568,"href":"https:\/\/www.magnum-partners.com\/de\/wp-json\/wp\/v2\/pages\/19567\/revisions\/19568"}],"wp:attachment":[{"href":"https:\/\/www.magnum-partners.com\/de\/wp-json\/wp\/v2\/media?parent=19567"}],"curies":[{"name":"wp","href":"https:\/\/api.w.org\/{rel}","templated":true}]}}