{"id":19454,"date":"2017-05-17T17:33:02","date_gmt":"2017-05-17T15:33:02","guid":{"rendered":"https:\/\/www.magnum-partners.com\/contact\/gracias\/"},"modified":"2017-05-17T17:33:02","modified_gmt":"2017-05-17T15:33:02","slug":"gracias","status":"publish","type":"page","link":"https:\/\/www.magnum-partners.com\/fr\/contact\/gracias\/","title":{"rendered":"Gracias"},"content":{"rendered":"<h1 style=\"text-align: center;\">Gracias<\/h1>\n<p style=\"text-align: center;\">Se ha enviado tu informaci\u00f3n correctamente.<\/p>\n<p class=\"p1\" style=\"text-align: center;\">Sigue navegando a trav\u00e9s de nuestro men\u00fa o vuelve a la p\u00e1gina de inicio a trav\u00e9s del siguiente enlace:<\/p>\n<p class=\"p1\" style=\"text-align: center;\"><a class=\"btn-line btn-accent-blue\" href=\"https:\/\/new.magnum-partners.com\/\">Inicio<\/a><\/p>\n","protected":false},"excerpt":{"rendered":"<p>Gracias Se ha enviado tu informaci\u00f3n correctamente. Sigue navegando a trav\u00e9s de nuestro men\u00fa o vuelve a la p\u00e1gina de inicio a trav\u00e9s del siguiente enlace: Inicio<\/p>\n","protected":false},"author":1,"featured_media":0,"parent":20814,"menu_order":0,"comment_status":"closed","ping_status":"closed","template":"template-gracias.php","meta":{"_acf_changed":false,"footnotes":""},"class_list":["post-19454","page","type-page","status-publish","hentry"],"acf":[],"_links":{"self":[{"href":"https:\/\/www.magnum-partners.com\/fr\/wp-json\/wp\/v2\/pages\/19454","targetHints":{"allow":["GET"]}}],"collection":[{"href":"https:\/\/www.magnum-partners.com\/fr\/wp-json\/wp\/v2\/pages"}],"about":[{"href":"https:\/\/www.magnum-partners.com\/fr\/wp-json\/wp\/v2\/types\/page"}],"author":[{"embeddable":true,"href":"https:\/\/www.magnum-partners.com\/fr\/wp-json\/wp\/v2\/users\/1"}],"replies":[{"embeddable":true,"href":"https:\/\/www.magnum-partners.com\/fr\/wp-json\/wp\/v2\/comments?post=19454"}],"version-history":[{"count":0,"href":"https:\/\/www.magnum-partners.com\/fr\/wp-json\/wp\/v2\/pages\/19454\/revisions"}],"up":[{"embeddable":true,"href":"https:\/\/www.magnum-partners.com\/fr\/wp-json\/wp\/v2\/pages\/20814"}],"wp:attachment":[{"href":"https:\/\/www.magnum-partners.com\/fr\/wp-json\/wp\/v2\/media?parent=19454"}],"curies":[{"name":"wp","href":"https:\/\/api.w.org\/{rel}","templated":true}]}}