{"id":19569,"date":"2017-04-25T11:06:05","date_gmt":"2017-04-25T09:06:05","guid":{"rendered":"https:\/\/www.magnum-partners.com\/politica-de-privacidad\/"},"modified":"2024-07-16T19:27:26","modified_gmt":"2024-07-16T17:27:26","slug":"politica-de-privacidad","status":"publish","type":"page","link":"https:\/\/www.magnum-partners.com\/fr\/politica-de-privacidad\/","title":{"rendered":"Politique de confidentialit\u00e9"},"content":{"rendered":"<p>En cumplimiento de lo establecido en el Reglamento (UE) 2016\/679 del Parlamento Europeo y del Consejo de 27 de abril de 2016 y en la Ley Org\u00e1nica 3\/2018, de 5 de diciembre, de Protecci\u00f3n de Datos Personales y Garant\u00eda de los Derechos Digitales, le informamos que los datos que nos facilite quedar\u00e1n incorporados en una base de datos cuyo <strong>Responsable de Tratamiento es: MAGNUM &amp; PARTNERS REAL ESTATE S. L. &#8211; <\/strong>CIF: B-85815942<\/p>\n<ul>\n<li>Direcci\u00f3n postal: C\/ Padilla n\u00ba 32. Esc. Izda. 2\u00baD, 28006 \u2013 Madrid.<\/li>\n<li><u>Tel\u00e9fono: 917452570<\/u><\/li>\n<li>Email: <a href=\"mailto:myp@magnum-partners.com\">myp@magnum-partners.com<\/a><\/li>\n<\/ul>\n<p>Cualquier menci\u00f3n a \u00abnosotros\u00bb o \u00abnos\u00bb en esta comunicaci\u00f3n sobre protecci\u00f3n de datos hace referencia a la entidad anteriormente mencionada.<\/p>\n<p><strong>I.<\/strong>&#8211; <strong>\u00bfQu\u00e9 datos tratamos?<\/strong><\/p>\n<p>La ejecuci\u00f3n de nuestras relaciones comerciales requiere el tratamiento de datos relacionados con nuestros clientes. En caso de que estos datos correspondan a una persona f\u00edsica (por ejemplo, si usted es un profesional aut\u00f3nomo y establece una relaci\u00f3n con nosotros) se considerar\u00e1n datos personales. Al margen de la forma jur\u00eddica de la contraparte, trataremos los datos relativos a las personas de contacto que act\u00faan como cliente.<\/p>\n<p>Por favor, ponga este documento informativo sobre protecci\u00f3n de datos a disposici\u00f3n de las personas de su organizaci\u00f3n que participen en la relaci\u00f3n comercial con nosotros (\u00ab<strong>personas de contacto<\/strong>\u00bb).<\/p>\n<ol>\n<li><strong><u>Datos b\u00e1sicos<\/u>:<\/strong> Procesamos cierto n\u00famero de datos generales en relaci\u00f3n a nuestros clientes y a las personas de contacto y a su relaci\u00f3n laboral con nosotros, en conjunto los \u00abdatos b\u00e1sicos\u00bb. Los datos b\u00e1sicos incluyen:<\/li>\n<li>a) Cualquier informaci\u00f3n que se nos haya facilitado durante el establecimiento de la relaci\u00f3n comercial o que nosotros hayamos solicitado a nuestros clientes o a una persona de contacto (por ejemplo, nombre, direcci\u00f3n y otros datos de contacto; y<\/li>\n<li>b) Cualquier informaci\u00f3n recogida o tratada en relaci\u00f3n al establecimiento de la relaci\u00f3n comercial (por ejemplo, detalles de acuerdos celebrados).<\/li>\n<li><strong><u>Datos de rendimiento:<\/u><\/strong> Mientras la relaci\u00f3n comercial est\u00e9 vigente, recogeremos datos personales, m\u00e1s all\u00e1 de la mera actualizaci\u00f3n de sus datos b\u00e1sicos, que ser\u00e1n tratados y a los que nos referiremos como \u00abdatos de rendimiento\u00bb. Los datos de rendimiento incluyen:<\/li>\n<li>a) Informaci\u00f3n sobre el cumplimiento de las obligaciones contractuales de nuestros clientes, en relaci\u00f3n a los acuerdos celebrados.<\/li>\n<li>b) Informaci\u00f3n sobre el cumplimiento de nuestras obligaciones contractuales, en relaci\u00f3n a los acuerdos celebrados.<\/li>\n<li>c) Informaci\u00f3n que un cliente o una persona de contacto nos haya proporcionado durante la vigencia de la relaci\u00f3n comercial, ya sea de motu propio o previa solicitud por nuestra parte; y<\/li>\n<li>d) Los datos personales que se nos facilitan en el curso de una relaci\u00f3n comercial, por parte de nuestro cliente, de una persona de contacto o de terceros.<\/li>\n<li>En la medida en que la ley lo permita, podemos a\u00f1adir datos personales facilitados por terceros a los datos b\u00e1sicos y de rendimiento anteriormente mencionados. Esos datos pueden incluir informaci\u00f3n relativa al cr\u00e9dito\/calificaci\u00f3n comercial de nuestros clientes, en caso de que sea necesaria para la evaluaci\u00f3n de riesgos financieros (por ejemplo, retrasos en los pagos).<\/li>\n<\/ol>\n<ol>\n<li><strong>\u00bfCon qu\u00e9 fines y en base a qu\u00e9 fundamentos legales realizamos el tratamiento de sus datos personales?<\/strong><\/li>\n<li>Tratamos datos b\u00e1sicos, de rendimiento y de uso para el desarrollo de la relaci\u00f3n contractual con nuestros clientes o para medidas precontractuales en aplicaci\u00f3n del Art\u00edculo 6.1 b) del RGPD. Al margen de la forma jur\u00eddica de nuestros clientes, tratamos datos b\u00e1sicos y de rendimiento en relaci\u00f3n a una o m\u00e1s personas de contacto a los efectos de nuestro inter\u00e9s leg\u00edtimo en la ejecuci\u00f3n de la relaci\u00f3n comercial en aplicaci\u00f3n del Art\u00edculo 6.1 (f) del RGPD.<\/li>\n<li>Es posible que tambi\u00e9n procesemos datos b\u00e1sicos, de rendimiento y de uso en cumplimiento de nuestras obligaciones legales; este tratamiento se realiza en virtud del Art\u00edculo 6 Apartado 1 c) del RGPD. Las obligaciones legales pueden incluir, concretamente, comunicaci\u00f3n obligatoria de datos personales a las autoridades (tributarias).<\/li>\n<li>En la medida de lo necesario, llevamos a cabo el tratamiento de datos personales (al margen del tratamiento por motivos de una relaci\u00f3n comercial o para cumplir con nuestras obligaciones legales) para los fines derivados de nuestro inter\u00e9s leg\u00edtimo o de los intereses leg\u00edtimos de terceros, de conformidad con el Art\u00edculo 6 Aparatado 1 f) del RGPD. El inter\u00e9s leg\u00edtimo puede incluir:<\/li>\n<li>a) Procesos, a nivel de grupo, para la gesti\u00f3n interna de los datos de clientes.<\/li>\n<li>b) La interposici\u00f3n de o la defensa contra acciones legales.<\/li>\n<li>c) La prevenci\u00f3n e investigaci\u00f3n de delitos.<\/li>\n<li>d) El mantenimiento de la seguridad de nuestros sistemas inform\u00e1ticos.<\/li>\n<li>e) El mantenimiento de la seguridad de nuestras instalaciones e infraestructura.<\/li>\n<li>f) La gesti\u00f3n y el desarrollo de nuestras operaciones empresariales, incluida la gesti\u00f3n de riesgos.<\/li>\n<li>Si present\u00e1semos a una persona f\u00edsica la opci\u00f3n de declarar su conformidad con el tratamiento de datos personales, trataremos los datos personales que se incluyan en el consentimiento, con los fines especificados en dicho consentimiento, en virtud del Art\u00edculo 6 Apartado 1 a) del RGPD.<\/li>\n<\/ol>\n<p>Por favor, tenga en cuenta que:<\/p>\n<p><strong>La declaraci\u00f3n de conformidad es voluntaria.<\/strong> Sin embargo, su falta de consentimiento o la posterior revocaci\u00f3n del mismo podr\u00e1n tener consecuencias, de las que informaremos antes de presentarles la opci\u00f3n de declarar su consentimiento.<\/p>\n<p>Ustedes podr\u00e1n revocar su consentimiento en cualquier momento con efecto a futuro, por ejemplo, notific\u00e1ndonoslo por correo postal, fax o correo electr\u00f3nico, utilizando los datos de contacto indicados en la primera p\u00e1gina de esta comunicaci\u00f3n sobre protecci\u00f3n de datos.<\/p>\n<p><strong>III.<\/strong> <strong>\u00bfExiste la obligaci\u00f3n de facilitar los datos personales?<\/strong><\/p>\n<p>La entrega de los datos b\u00e1sicos y de rendimiento que se especifican en la secci\u00f3n I del presente es necesaria para iniciar y mantener una relaci\u00f3n comercial con nosotros, a menos que se especifique lo contrario antes de la recogida de dichos datos. Sin la entrega de dichos datos, no podremos iniciar y mantener una relaci\u00f3n comercial.<\/p>\n<p>En caso de que solicitemos nuevos datos, les informaremos de si dicha petici\u00f3n de informaci\u00f3n obedece a obligaciones legales o contractuales, o es necesaria para el cumplimiento de un contrato. Normalmente indicamos qu\u00e9 informaci\u00f3n no obedece a obligaciones legales o contractuales, ni es necesaria para cumplimiento de un contrato y puede facilitarse voluntariamente.<\/p>\n<ol>\n<li><strong>\u00bfQui\u00e9n tiene acceso a los datos personales?<\/strong><\/li>\n<\/ol>\n<p>Generalmente, el tratamiento de los datos personales se lleva a cabo en nuestra empresa. En funci\u00f3n de las categor\u00edas de datos personales de que se trate, puede que solo algunos departamentos\/divisiones especializados tengan acceso a sus datos personales. Tales divisiones incluyen, concretamente, al Departamento de Ventas y \u2013 en caso de que el tratamiento se realice a trav\u00e9s de nuestra infraestructura inform\u00e1tica \u2013 tambi\u00e9n a nuestro departamento de Tecnolog\u00edas de la Informaci\u00f3n. En base a un modelo de gesti\u00f3n de roles\/derechos, el acceso a los datos personales se limita a las funciones y a la medida necesaria para cumplir con el objetivo concreto del tratamiento.<\/p>\n<p>En la medida en que la ley lo permita, podremos transferir sus datos a destinatarios ajenos a nuestra empresa. Dichos destinatarios externos pueden incluir:<\/p>\n<ul>\n<li>Filiales de MAGNUM &amp; PARTNERS REAL ESTATE S. L.<\/li>\n<li>Proveedores de servicios que (de conformidad con contratos individuales firmados con nosotros) ofrecen servicios entre los que se puede incluir el tratamiento de datos personales, as\u00ed como subcontratistas de dichos proveedores de servicios.<\/li>\n<li>Organismos p\u00fablicos y privados, en la medida en que estemos obligados a transferir sus datos personales a causa de una obligaci\u00f3n legal a la que estemos sujetos.<\/li>\n<\/ul>\n<ol>\n<li><strong>\u00bfUtilizamos decisiones automatizadas?<\/strong><\/li>\n<\/ol>\n<p>Normalmente, no utilizamos decisiones automatizadas (incluida la elaboraci\u00f3n de perfiles)<a href=\"#_ftn1\" name=\"_ftnref1\">[1]<\/a> durante la vigencia de la relaci\u00f3n comercial, en el sentido del Art\u00edculo 22 del GDPR. Si en el futuro aplic\u00e1semos ese tipo de procedimientos, informaremos individualmente a los interesados, de conformidad con las disposiciones legales aplicables.<\/p>\n<ol>\n<li><strong>\u00bfLos datos se env\u00edan a pa\u00edses fuera de la UE\/del EEE?<\/strong><\/li>\n<\/ol>\n<p>El tratamiento de datos personales se realiza dentro de la Uni\u00f3n Europea o dentro del Espacio Econ\u00f3mico Europeo.<\/p>\n<p><strong> <\/strong><\/p>\n<p><strong>Transferencia de datos a pa\u00edses no pertenecientes al EEE<\/strong><\/p>\n<p>Cuando los datos personales se transfieran a lugares fuera de la Uni\u00f3n Europea\/EEE, nos aseguraremos, como exige la ley, de que sus derechos de protecci\u00f3n de datos est\u00e9n adecuadamente protegidos, ya sea porque la Comisi\u00f3n Europea ha decidido que el pa\u00eds al que se transfieren los datos personales garantiza un nivel de protecci\u00f3n adecuado (art. 45 del RGPD) o porque la transferencia est\u00e1 sujeta a garant\u00edas adecuadas (por ejemplo, cl\u00e1usulas contractuales est\u00e1ndar) de la Uni\u00f3n Europea acordadas con el destinatario (art. 46 del RGPD), a menos que el RGPD establezca una excepci\u00f3n (art. 49 del RGPD). Adem\u00e1s, cuando sea necesario, tenemos la intenci\u00f3n de acordar medidas adicionales con los destinatarios para garantizar un nivel adecuado de protecci\u00f3n de datos. Se pueden solicitar copias de las garant\u00edas adecuadas (cuando nos basamos en ellas) y una lista de los destinatarios fuera del EEE.<\/p>\n<p><strong>VII.<\/strong> <strong>\u00bfDurante cu\u00e1nto tiempo se conservan los datos?<\/strong><\/p>\n<p>Normalmente, conservamos los datos personales mientras existe un inter\u00e9s leg\u00edtimo en su conservaci\u00f3n y no prevalece el inter\u00e9s de interesado en abstenerse del tratamiento.<\/p>\n<p>Aun cuando no exista un inter\u00e9s leg\u00edtimo, podemos conservar los datos si existe una obligaci\u00f3n legal (por ejemplo, para cumplir con obligaciones legales de retenci\u00f3n). Aunque el interesado no tome ninguna medida, eliminamos los datos personales en cuanto su conservaci\u00f3n deja de ser necesaria para los fines con que los datos se recogieron o trataron de otro modo o si, por alg\u00fan otro motivo, la ley no permite su conservaci\u00f3n.<\/p>\n<p>En general, los datos b\u00e1sicos y el resto de los datos que se recojan durante su relaci\u00f3n comercial, se conservar\u00e1n, al menos, hasta el final de la correspondiente relaci\u00f3n comercial. Los datos se eliminar\u00e1n, es todo caso, si los fines de su recogida o tratamiento se han cumplido. Ese momento llegar\u00e1 tras la finalizaci\u00f3n de su relaci\u00f3n comercial con nosotros. En caso de que los datos personales deban conservarse para cumplir una obligaci\u00f3n legal, dichos datos se conservar\u00e1n hasta el fin del plazo de conservaci\u00f3n correspondiente. En virtud de lo establecido en la Ley 10\/2010, el plazo de conservaci\u00f3n de los documentos relativos a PBCyFT, se conservar\u00e1n por el plazo de 10 a\u00f1os.<\/p>\n<p>En caso de que el tratamiento de los datos personales se realice exclusivamente para cumplir con una obligaci\u00f3n legal, el acceso a dichos datos se suele restringir de tal modo que los datos solo est\u00e9n disponibles si se requieren a los efectos de dicha obligaci\u00f3n.<\/p>\n<p><strong>VIII.<\/strong> <strong>\u00bfCu\u00e1les son los derechos de los interesados en el tratamiento?<\/strong><\/p>\n<p>Los interesados en el tratamiento podr\u00e1n:<\/p>\n<ul>\n<li>Solicitar acceso a sus datos personales, Art\u00edculo 15 del RGPD.<\/li>\n<li>Solicitar la rectificaci\u00f3n de datos personales err\u00f3neos, Art\u00edculo 16 del RGPD.<\/li>\n<li>Solicitar la eliminaci\u00f3n de sus datos personales, Art\u00edculo 17 del RGPD.<\/li>\n<li>Solicitar la restricci\u00f3n del tratamiento de sus datos personales, Art\u00edculo 18 del RGPD.<\/li>\n<li>Ejercer su derecho a la portabilidad de datos, Art\u00edculo 20 del RGPD.<\/li>\n<li>Oponerse al tratamiento de sus datos personales, Art\u00edculo 21 del RGPD.<\/li>\n<\/ul>\n<p>Los derechos mencionados podr\u00e1n hacerse valer frente a nosotros, por ejemplo, haci\u00e9ndonos llegar una notificaci\u00f3n a trav\u00e9s de los datos de contacto detallados en la primera p\u00e1gina del presente documento informativo sobre protecci\u00f3n de datos.<\/p>\n<p>Se le informa que MAGNUM &amp; PARTNERS REAL ESTATE, SL ha nombrado un <strong>Delegado de Protecci\u00f3n de Datos (\u201cDPD\u201d)<\/strong> ante el cual podr\u00e1 poner de manifiesto cualquier cuesti\u00f3n relativa al tratamiento de sus datos personales. Podr\u00e1 contactar con el \u201cDPD\u201d a trav\u00e9s de la siguiente direcci\u00f3n de correo electr\u00f3nico: <a href=\"mailto:dpd@magnum-partners.com\">dpd@magnum-partners.com<\/a>; O bien puede dirigirse por correo postal indicando: Delegado de Protecci\u00f3n de Datos. C\/ Padilla n\u00ba 32.- Esc Izq.- 2\u00ba Dcha. 28006 Madrid<\/p>\n<p>Por otra parte, <strong>el interesado podr\u00e1 presentar una reclamaci\u00f3n en relaci\u00f3n a la gesti\u00f3n de sus datos personales ante la autoridad de control competente, de acuerdo con el Art\u00edculo 77 del RGPD.<\/strong><\/p>\n<p><a href=\"#_ftnref1\" name=\"_ftn1\"><\/a><\/p>\n","protected":false},"excerpt":{"rendered":"<p>En cumplimiento de lo establecido en el Reglamento (UE) 2016\/679 del Parlamento Europeo y del Consejo de 27 de abril de 2016 y en la Ley Org\u00e1nica 3\/2018, de 5 de diciembre, de Protecci\u00f3n de Datos Personales y Garant\u00eda de los Derechos Digitales, le informamos que los datos que nos facilite quedar\u00e1n incorporados en una [&hellip;]<\/p>\n","protected":false},"author":1,"featured_media":0,"parent":0,"menu_order":8,"comment_status":"closed","ping_status":"closed","template":"","meta":{"_acf_changed":false,"footnotes":""},"class_list":["post-19569","page","type-page","status-publish","hentry"],"acf":[],"_links":{"self":[{"href":"https:\/\/www.magnum-partners.com\/fr\/wp-json\/wp\/v2\/pages\/19569","targetHints":{"allow":["GET"]}}],"collection":[{"href":"https:\/\/www.magnum-partners.com\/fr\/wp-json\/wp\/v2\/pages"}],"about":[{"href":"https:\/\/www.magnum-partners.com\/fr\/wp-json\/wp\/v2\/types\/page"}],"author":[{"embeddable":true,"href":"https:\/\/www.magnum-partners.com\/fr\/wp-json\/wp\/v2\/users\/1"}],"replies":[{"embeddable":true,"href":"https:\/\/www.magnum-partners.com\/fr\/wp-json\/wp\/v2\/comments?post=19569"}],"version-history":[{"count":1,"href":"https:\/\/www.magnum-partners.com\/fr\/wp-json\/wp\/v2\/pages\/19569\/revisions"}],"predecessor-version":[{"id":19657,"href":"https:\/\/www.magnum-partners.com\/fr\/wp-json\/wp\/v2\/pages\/19569\/revisions\/19657"}],"wp:attachment":[{"href":"https:\/\/www.magnum-partners.com\/fr\/wp-json\/wp\/v2\/media?parent=19569"}],"curies":[{"name":"wp","href":"https:\/\/api.w.org\/{rel}","templated":true}]}}