{"id":20819,"date":"2017-03-09T15:05:08","date_gmt":"2017-03-09T14:05:08","guid":{"rendered":"https:\/\/www.magnum-partners.com\/services\/"},"modified":"2024-10-09T17:29:52","modified_gmt":"2024-10-09T15:29:52","slug":"services","status":"publish","type":"page","link":"https:\/\/www.magnum-partners.com\/fr\/services\/","title":{"rendered":"Services"},"content":{"rendered":"<p>90% de nos clients nous renouvellent leur confiance, nous vous invitons \u00e0 comprendre pourquoi et \u00e0 commencer \u00e0 atteindre vos objectifs d&rsquo;investissement en garantissant la rentabilit\u00e9 de votre portefeuille. Notre \u00e9quipe pluridisciplinaire de sp\u00e9cialistes vous assiste de mani\u00e8re compl\u00e8te dans l&rsquo;\u00e9valuation, la gestion et la commercialisation de vos actifs.<\/p>\n","protected":false},"excerpt":{"rendered":"<p>90% de nos clients nous renouvellent leur confiance, nous vous invitons \u00e0 comprendre pourquoi et \u00e0 commencer \u00e0 atteindre vos objectifs d&rsquo;investissement en garantissant la rentabilit\u00e9 de votre portefeuille. Notre \u00e9quipe pluridisciplinaire de sp\u00e9cialistes vous assiste de mani\u00e8re compl\u00e8te dans l&rsquo;\u00e9valuation, la gestion et la commercialisation de vos actifs.<\/p>\n","protected":false},"author":1,"featured_media":0,"parent":0,"menu_order":2,"comment_status":"closed","ping_status":"closed","template":"templates\/services.php","meta":{"_acf_changed":false,"footnotes":""},"class_list":["post-20819","page","type-page","status-publish","hentry"],"acf":[],"_links":{"self":[{"href":"https:\/\/www.magnum-partners.com\/fr\/wp-json\/wp\/v2\/pages\/20819","targetHints":{"allow":["GET"]}}],"collection":[{"href":"https:\/\/www.magnum-partners.com\/fr\/wp-json\/wp\/v2\/pages"}],"about":[{"href":"https:\/\/www.magnum-partners.com\/fr\/wp-json\/wp\/v2\/types\/page"}],"author":[{"embeddable":true,"href":"https:\/\/www.magnum-partners.com\/fr\/wp-json\/wp\/v2\/users\/1"}],"replies":[{"embeddable":true,"href":"https:\/\/www.magnum-partners.com\/fr\/wp-json\/wp\/v2\/comments?post=20819"}],"version-history":[{"count":1,"href":"https:\/\/www.magnum-partners.com\/fr\/wp-json\/wp\/v2\/pages\/20819\/revisions"}],"predecessor-version":[{"id":21350,"href":"https:\/\/www.magnum-partners.com\/fr\/wp-json\/wp\/v2\/pages\/20819\/revisions\/21350"}],"wp:attachment":[{"href":"https:\/\/www.magnum-partners.com\/fr\/wp-json\/wp\/v2\/media?parent=20819"}],"curies":[{"name":"wp","href":"https:\/\/api.w.org\/{rel}","templated":true}]}}