{"id":20866,"date":"2017-03-09T14:55:35","date_gmt":"2017-03-09T13:55:35","guid":{"rendered":"https:\/\/www.magnum-partners.com\/home\/"},"modified":"2024-10-17T10:01:14","modified_gmt":"2024-10-17T08:01:14","slug":"home","status":"publish","type":"page","link":"https:\/\/www.magnum-partners.com\/fr\/","title":{"rendered":"Home"},"content":{"rendered":"<p class=\"p1\"><span class=\"s1\">We are a real estate consultancy with more than 15 years of experience<\/span> and 8,000 properties marketed in the last 5 years, guaranteeing us as a reference consultancy in the marketing of homes and foreclosed assets, advice, analysis and real estate management.<\/p>\n<p class=\"p1\">Avec un chiffre d&rsquo;affaires de 900 millions d&rsquo;euros et un portefeuille de plus de 3 000 biens immobiliers \u00e0 vendre et \u00e0 louer, MP b\u00e9n\u00e9ficie de la confiance de ses clients qui, dans 90 % des cas, renouvellent leurs services, ayant constat\u00e9 les grandes garanties de succ\u00e8s de nos prestations.<\/p>\n","protected":false},"excerpt":{"rendered":"<p>We are a real estate consultancy with more than 15 years of experience and 8,000 properties marketed in the last 5 years, guaranteeing us as a reference consultancy in the marketing of homes and foreclosed assets, advice, analysis and real estate management. Avec un chiffre d&rsquo;affaires de 900 millions d&rsquo;euros et un portefeuille de plus [&hellip;]<\/p>\n","protected":false},"author":1,"featured_media":0,"parent":0,"menu_order":0,"comment_status":"closed","ping_status":"closed","template":"templates\/home.php","meta":{"_acf_changed":false,"footnotes":""},"class_list":["post-20866","page","type-page","status-publish","hentry"],"acf":[],"_links":{"self":[{"href":"https:\/\/www.magnum-partners.com\/fr\/wp-json\/wp\/v2\/pages\/20866","targetHints":{"allow":["GET"]}}],"collection":[{"href":"https:\/\/www.magnum-partners.com\/fr\/wp-json\/wp\/v2\/pages"}],"about":[{"href":"https:\/\/www.magnum-partners.com\/fr\/wp-json\/wp\/v2\/types\/page"}],"author":[{"embeddable":true,"href":"https:\/\/www.magnum-partners.com\/fr\/wp-json\/wp\/v2\/users\/1"}],"replies":[{"embeddable":true,"href":"https:\/\/www.magnum-partners.com\/fr\/wp-json\/wp\/v2\/comments?post=20866"}],"version-history":[{"count":1,"href":"https:\/\/www.magnum-partners.com\/fr\/wp-json\/wp\/v2\/pages\/20866\/revisions"}],"predecessor-version":[{"id":21439,"href":"https:\/\/www.magnum-partners.com\/fr\/wp-json\/wp\/v2\/pages\/20866\/revisions\/21439"}],"wp:attachment":[{"href":"https:\/\/www.magnum-partners.com\/fr\/wp-json\/wp\/v2\/media?parent=20866"}],"curies":[{"name":"wp","href":"https:\/\/api.w.org\/{rel}","templated":true}]}}