{"id":23604,"date":"2017-03-09T15:05:08","date_gmt":"2017-03-09T14:05:08","guid":{"rendered":"https:\/\/www.magnum-partners.com\/servizi\/"},"modified":"2017-03-09T15:05:08","modified_gmt":"2017-03-09T14:05:08","slug":"servizi","status":"publish","type":"page","link":"https:\/\/www.magnum-partners.com\/it\/servizi\/","title":{"rendered":"Servizi"},"content":{"rendered":"<p>Il 90% dei nostri clienti ci rinnova la fiducia, vi invitiamo a vedere perch\u00e9 e a iniziare a raggiungere i vostri obiettivi di investimento garantendo la redditivit\u00e0 del vostro portafoglio. Il nostro team multidisciplinare di specialisti vi aiuter\u00e0 in modo completo nella valutazione, nella gestione e nella commercializzazione del vostro patrimonio. <\/p>\n","protected":false},"excerpt":{"rendered":"<p>Il 90% dei nostri clienti ci rinnova la fiducia, vi invitiamo a vedere perch\u00e9 e a iniziare a raggiungere i vostri obiettivi di investimento garantendo la redditivit\u00e0 del vostro portafoglio. Il nostro team multidisciplinare di specialisti vi aiuter\u00e0 in modo completo nella valutazione, nella gestione e nella commercializzazione del vostro patrimonio.<\/p>\n","protected":false},"author":1,"featured_media":0,"parent":0,"menu_order":2,"comment_status":"closed","ping_status":"closed","template":"templates\/services.php","meta":{"_acf_changed":false,"footnotes":""},"class_list":["post-23604","page","type-page","status-publish","hentry"],"acf":[],"_links":{"self":[{"href":"https:\/\/www.magnum-partners.com\/it\/wp-json\/wp\/v2\/pages\/23604","targetHints":{"allow":["GET"]}}],"collection":[{"href":"https:\/\/www.magnum-partners.com\/it\/wp-json\/wp\/v2\/pages"}],"about":[{"href":"https:\/\/www.magnum-partners.com\/it\/wp-json\/wp\/v2\/types\/page"}],"author":[{"embeddable":true,"href":"https:\/\/www.magnum-partners.com\/it\/wp-json\/wp\/v2\/users\/1"}],"replies":[{"embeddable":true,"href":"https:\/\/www.magnum-partners.com\/it\/wp-json\/wp\/v2\/comments?post=23604"}],"version-history":[{"count":0,"href":"https:\/\/www.magnum-partners.com\/it\/wp-json\/wp\/v2\/pages\/23604\/revisions"}],"wp:attachment":[{"href":"https:\/\/www.magnum-partners.com\/it\/wp-json\/wp\/v2\/media?parent=23604"}],"curies":[{"name":"wp","href":"https:\/\/api.w.org\/{rel}","templated":true}]}}