{"id":23641,"date":"2017-05-17T19:14:32","date_gmt":"2017-05-17T17:14:32","guid":{"rendered":"https:\/\/www.magnum-partners.com\/informativa-sui-cookie\/"},"modified":"2025-07-11T09:11:30","modified_gmt":"2025-07-11T07:11:30","slug":"informativa-sui-cookie","status":"publish","type":"page","link":"https:\/\/www.magnum-partners.com\/it\/informativa-sui-cookie\/","title":{"rendered":"Informativa sui cookie"},"content":{"rendered":"\n<div class=\"wp-block-group\"><div class=\"wp-block-group__inner-container is-layout-flow wp-block-group-is-layout-flow\">\n<h1><strong>Politica sui cookie<\/strong><\/h1>\n<p>Sul sito <a href=\"https:\/\/magnum-partners.com\/\">https:\/\/magnum-partners.com\/<\/a> utilizziamo i cookie per facilitare il rapporto tra i visitatori e i nostri contenuti e per consentirci di compilare statistiche sulle visite ricevute.<\/p>\n<p>In conformit\u00e0 alla Direttiva 2009\/136\/CE, recepita nel nostro ordinamento dall&#8217;articolo 22, secondo comma, della Legge sui Servizi della Societ\u00e0 dell&#8217;Informazione e seguendo le linee guida dell&#8217;Agenzia Spagnola per la Protezione dei Dati, procediamo a informarvi dettagliatamente sull&#8217;utilizzo del nostro sito web.<\/p>\n<h4><strong>Definizione e politica dei cookie<\/strong><\/h4>\n<p>Cosa sono i cookie? Un cookie \u00e8 un file che viene scaricato sul vostro computer quando accedete a determinati siti web. I cookie consentono a un sito web, tra le altre cose, di memorizzare e recuperare informazioni sulle abitudini di navigazione di un utente o del suo computer e, a seconda delle informazioni contenute e del modo in cui l&#8217;utente utilizza il proprio computer, possono essere utilizzati per riconoscere l&#8217;utente. In breve, lo scopo dei cookie \u00e8 quello di fornire all&#8217;Utente un accesso pi\u00f9 rapido ai Servizi selezionati.    <\/p>\n<h4><strong>Tipi di cookie<\/strong><\/h4>\n<p>I cookie, a seconda della loro permanenza, possono essere suddivisi in cookie di sessione o permanenti. I primi scadono quando l&#8217;Utente chiude il browser. I secondi scadono quando viene raggiunto lo scopo per cui sono stati utilizzati o quando vengono cancellati manualmente.  <\/p>\n<p>Inoltre, in base al loro scopo, i cookie possono essere classificati come segue:<\/p>\n<p><strong>COOKIE DI PRESTAZIONE<\/strong>: questo tipo di cookie ricorda le preferenze dell&#8217;utente per gli strumenti presenti nei Servizi, in modo che non debba riconfigurare il servizio a ogni visita.<\/p>\n<p><strong>COOKIE DI REGISTRAZIONE<\/strong>: I cookie di registrazione vengono generati una volta che l&#8217;Utente si \u00e8 registrato o ha successivamente effettuato l&#8217;accesso e vengono utilizzati per identificare l&#8217;Utente nei Servizi per i seguenti scopi:<\/p>\n<ul>\n<li>Mantenere l&#8217;identificazione dell&#8217;Utente in modo che, se chiude un Servizio, il browser o il computer e in un altro momento o in un altro giorno rientra in tale Servizio, continuer\u00e0 a essere identificato, facilitando cos\u00ec la sua navigazione senza doversi identificare nuovamente. Questa funzionalit\u00e0 pu\u00f2 essere eliminata se l&#8217;Utente clicca sulla funzione \u201cchiudi sessione\u201d, in modo che questo Cookie venga cancellato e la prossima volta che l&#8217;Utente accede al Servizio dovr\u00e0 effettuare il login per essere identificato. <\/li>\n<li>Inoltre, alcuni Servizi possono utilizzare connettori con social network come Facebook o Twitter. Quando l&#8217;Utente si registra a un Servizio con le credenziali di un social network, autorizza il social network a memorizzare un cookie persistente che ricorda la sua identit\u00e0 e gli garantisce l&#8217;accesso ai Servizi fino alla sua scadenza. L&#8217;Utente pu\u00f2 cancellare questo Cookie e revocare l&#8217;accesso ai Servizi tramite social network aggiornando le proprie preferenze sul social network specifico.  <\/li>\n<\/ul>\n<p><strong>COOKIE ANALITICI:<\/strong> Si tratta di cookie elaborati dal titolare del sito web o da terze parti che consentono di quantificare il numero di utenti e quindi di effettuare la misurazione e l&#8217;analisi statistica dell&#8217;utilizzo del servizio offerto da parte degli utenti. A tal fine, la loro navigazione sul sito web viene analizzata per migliorare la gamma di prodotti o servizi offerti. <\/p>\n<p><strong>COOKIE PUBBLICITARI:<\/strong> sono quelli che, elaborati dal proprietario del sito web o da terzi, consentono di gestire nel modo pi\u00f9 efficiente possibile gli spazi pubblicitari disponibili sul sito web, adattando il contenuto della pubblicit\u00e0 al contenuto del servizio richiesto o all&#8217;utilizzo del sito web. A tal fine, \u00e8 possibile analizzare le vostre abitudini di navigazione in Internet e mostrarvi pubblicit\u00e0 correlate al vostro profilo di navigazione. <\/p>\n<h4>Quali tipi di cookie utilizza questo sito web?<\/h4>\n<p>L&#8217;utente pu\u00f2 verificare quali tipi di cookie sono utilizzati su qualsiasi sito web tramite il proprio browser.<\/p>\n<p><strong>Controllo in Google Chrome<\/strong><\/p>\n<p>1) Fare clic con il tasto destro del mouse su un punto qualsiasi dello sfondo del <strong>sito web<\/strong> e selezionare \u201cispeziona\u201d dal menu a discesa. In alternativa, mentre si \u00e8 sul web, \u00e8 possibile premere la sequenza di tasti (Ctrl+Maiusc+i). <\/p>\n<p>2) Nella nuova finestra pop-up che si apre, fare clic su \u201capplicazione\u201d.<\/p>\n<p>3) Nell&#8217;elenco visualizzato a sinistra, fare clic su \u201c<strong>cookie<\/strong>\u201d.<\/p>\n<p><strong>Controllo in Firefox<\/strong><\/p>\n<p>1) Fate clic con il tasto destro del mouse su un punto qualsiasi dello sfondo del <strong>sito web<\/strong> e selezionate \u201cispeziona elemento\u201d dal menu a discesa.<\/p>\n<p>2) Nella nuova finestra di controllo a comparsa che si apre, fare clic su \u201carchiviazione\u201d.<\/p>\n<p>3) Klicken Sie in der Liste auf der linken Seite auf \u201e<strong>Cookies<\/strong>\u201c.<\/p>\n<p><strong>Controllo in Microsoft Edge<\/strong><\/p>\n<p>1) Fare clic con il tasto destro del mouse su un punto qualsiasi dello sfondo del <strong>sito web<\/strong> e selezionare \u201cispeziona\u201d dal menu a discesa. In alternativa, mentre si \u00e8 sul web, \u00e8 possibile premere la sequenza di tasti (Ctrl+Maiusc+i). <\/p>\n<p>2) Nella nuova finestra pop-up che si apre, fare clic su \u201capplicazione\u201d.<\/p>\n<p>3) Klicken Sie in der Liste auf der linken Seite auf \u201e<strong>Cookies<\/strong>\u201c.<\/p>\n<p>Alcuni cookie garantiscono il corretto funzionamento di alcune parti del sito web e la conoscenza delle preferenze dell&#8217;utente. Inserendo i cookie funzionali, vi facilitiamo la visita del nostro sito web. In questo modo, non \u00e8 necessario inserire ripetutamente le stesse informazioni quando si visita il nostro sito web. Possiamo inserire questi cookie senza il vostro consenso.   <\/p>\n<p>Per quanto riguarda i cookie di terze parti, ossia quelli esterni al nostro sito web, non possiamo essere ritenuti responsabili del contenuto e della veridicit\u00e0 delle politiche sulla privacy che essi includono, pertanto le informazioni che offriamo fanno sempre riferimento alla fonte. <\/p>\n<p>Di seguito, vi informiamo in dettaglio sui cookie che possono essere installati dal nostro sito web. A seconda delle vostre abitudini di navigazione, potrebbero essere installati tutti o solo alcuni di essi. <\/p>\n<table width=\"100%\">\n<tbody>\n<tr>\n<td width=\"132\">\n<p><strong>Nome<\/strong><\/p>\n<\/td>\n<td width=\"350\">\n<p><strong>Scopo<\/strong><\/p>\n<\/td>\n<td width=\"76\">\n<p><strong>Durata<\/strong><\/p>\n<\/td>\n<td width=\"84\">\n<p><strong>Proprietario<\/strong><\/p>\n<\/td>\n<\/tr>\n<tr>\n<td width=\"132\">\n<p>__Secure-3PAPISID,<\/p>\n<p>__Secure-3PSID,<\/p>\n<p> __Secure-3PSIDCC,<\/p>\n<\/td>\n<td width=\"350\">\n<p>Questi cookie vengono utilizzati per fornire pubblicit\u00e0 pi\u00f9 pertinenti all&#8217;utente e ai suoi interessi.<\/p>\n<\/td>\n<td width=\"76\">\n<p>2 anni<\/p>\n<\/td>\n<td width=\"84\">\n<p>Google<\/p>\n<\/td>\n<\/tr>\n<tr>\n<td width=\"132\">\n<p>VISITOR_INFO1_LIVE<sup>(2)<\/sup><\/p>\n<\/td>\n<td width=\"350\">\n<p> Traccia i video visitati che sono incorporati nel web. Tenta di calcolare la larghezza di banda dell&#8217;utente sulle pagine con video YouTube incorporati. <\/p>\n<\/td>\n<td width=\"76\">\n<p> Persistente<\/p>\n<\/td>\n<td width=\"84\">\n<p>Youtube<\/p>\n<\/td>\n<\/tr>\n<tr>\n<td width=\"132\">\n<p>SID, NID, HSID, APISID, LOGIN_INFO, SAPISID, YSC<sup>(2)<\/sup><\/p>\n<\/td>\n<td width=\"350\">\n<p> Cookie tecnici utilizzati da youtube<\/p>\n<\/td>\n<td width=\"76\">\n<p> Sessione<\/p>\n<\/td>\n<td width=\"84\">\n<p> Youtube<\/p>\n<\/td>\n<\/tr>\n<tr>\n<td width=\"132\">\n<p> AID, ANID, NID, APISID, CONSENT, HSID, SAPISID, SID, SSID, SIDCC, 1P_JAR<\/p>\n<\/td>\n<td width=\"350\">\n<p> Raccogliere informazioni per il motore di ricerca Google incluso nel sito web (Google CSE).<\/p>\n<\/td>\n<td width=\"76\">\n<p> Persistente<\/p>\n<\/td>\n<td width=\"84\">\n<p> Google<\/p>\n<\/td>\n<\/tr>\n<tr>\n<td width=\"132\">\n<p>OGP, OGPC<\/p>\n<\/td>\n<td width=\"350\">\n<p>Vengono utilizzati per visualizzare le posizioni geografiche. Questi cookie sono gestiti interamente da Google <\/p>\n<\/td>\n<td width=\"76\">\n<p>Persistente<\/p>\n<\/td>\n<td width=\"84\">\n<p>Google<\/p>\n<\/td>\n<\/tr>\n<tr>\n<td width=\"132\">\n<p>_ga, _gat, _gid<sup>(1)<\/sup><\/p>\n<\/td>\n<td width=\"350\">\n<p> Cookie utilizzato da Google Analytics che contiene un identificatore anonimo utilizzato per distinguere gli utenti, generare dati statistici sull&#8217;utilizzo del sito web da parte dei visitatori e monitorare il tasso di richiesta.<\/p>\n<\/td>\n<td width=\"76\">\n<p> Persistente<\/p>\n<\/td>\n<td width=\"84\">\n<p> www.google-analytics.com<\/p>\n<\/td>\n<\/tr>\n<tr>\n<td width=\"132\">\n<p>_fbp, fr, tr<sup>(3)<\/sup><\/p>\n<\/td>\n<td width=\"350\">\n<p> Cookie utilizzati da Facebook per visualizzare la pubblicit\u00e0 di questo sito web su Facebook.<\/p>\n<\/td>\n<td width=\"76\">\n<p> Persistente<\/p>\n<\/td>\n<td width=\"84\">\n<p> facebook.com<\/p>\n<\/td>\n<\/tr>\n<tr>\n<td width=\"132\">\n<p>_icl_visitor_lang_js<\/p>\n<p>wpml_browser_redirect_test<\/p>\n<\/td>\n<td width=\"350\">\n<p>Ci permette di identificare la lingua dell&#8217;utente per visualizzare il sito web nella lingua corretta.<\/p>\n<\/td>\n<td width=\"76\">\n<p>In sessione<\/p>\n<\/td>\n<td width=\"84\">\n<p>Proprio<\/p>\n<\/td>\n<\/tr>\n<\/tbody>\n<\/table>\n<p>(1) Cookie di Google Analytics: consentono di monitorare il sito web tramite lo strumento Google Analytics, un servizio fornito da Google per ottenere informazioni sull&#8217;accesso degli utenti ai siti web. Alcuni dei dati memorizzati per una successiva analisi sono: il numero di volte che l&#8217;utente ha visitato il sito web, le date della prima e dell&#8217;ultima visita, la durata delle visite, la pagina da cui l&#8217;utente \u00e8 entrato nel sito web, il motore di ricerca che l&#8217;utente ha utilizzato per raggiungere il sito web o il link selezionato, il luogo nel mondo da cui l&#8217;utente accede al sito web, ecc. La configurazione di questi cookie \u00e8 predeterminata dal servizio offerto da Google, motivo per cui si consiglia di consultare la pagina sulla privacy di Google Analytics, <a href=\"http:\/\/www.google.com\/intl\/es\/analytics\/privacyoverview.html\">http:\/\/www.google.com\/intl\/es\/analytics\/privacyoverview.html<\/a> per maggiori informazioni sui cookie utilizzati e su come disabilitarli (fermo restando che non siamo responsabili del contenuto o della veridicit\u00e0 dei siti web di terzi).  <\/p>\n<p>(2) Cookie di Youtube: Utilizzati per la riproduzione di video attraverso il web. \u00c8 possibile ottenere maggiori informazioni sui cookie utilizzati e su come disattivarli all&#8217;indirizzo http:\/\/www.google.es\/intl\/es\/policies\/technologies\/cookies\/ (fermo restando che non siamo responsabili del contenuto o della veridicit\u00e0 dei siti web di terzi). <\/p>\n<p>3) Cookie di Facebook: utilizzati da Facebook per fornire una serie di prodotti pubblicitari su Facebook. Per ulteriori informazioni sui cookie utilizzati e su come disattivarli, \u00e8 possibile consultare il sito <a href=\"https:\/\/www.facebook.com\/about\/privacy\">https:\/\/www.facebook.com\/about\/privacy<\/a> (fermo restando che non siamo responsabili del contenuto o dell&#8217;accuratezza dei siti web di terzi). <\/p>\n<p>Se non si desidera che i cookie vengano salvati nel browser o si preferisce ricevere informazioni ogni volta che un cookie richiede di essere installato, \u00e8 possibile configurare le opzioni di navigazione in modo che ci\u00f2 avvenga. La maggior parte dei browser consente di gestire i cookie in 3 modi diversi: <\/p>\n<ul>\n<li>I cookie vengono sempre rifiutati;<\/li>\n<li>Il browser chiede se l&#8217;utente desidera installare ciascun cookie;<\/li>\n<li>I cookie sono sempre accettati;<\/li>\n<\/ul>\n<p>Il browser pu\u00f2 anche prevedere la possibilit\u00e0 di selezionare in dettaglio quali cookie si desidera vengano installati sul proprio computer. In particolare, l&#8217;utente pu\u00f2 normalmente accettare una delle seguenti opzioni: <\/p>\n<ul>\n<li>rifiutare i cookie di alcuni domini;<\/li>\n<li>rifiutare i cookie di terze parti;<\/li>\n<li>accettare i cookie come non persistenti (vengono cancellati alla chiusura del browser);<\/li>\n<li>consentire al server di creare cookie per un dominio diverso.<\/li>\n<\/ul>\n<p>Per consentire, conoscere, bloccare o eliminare i cookie installati sul vostro computer, potete farlo configurando le opzioni del browser installato sul vostro computer.<\/p>\n<p>Le informazioni su come configurare i browser pi\u00f9 utilizzati sono disponibili nei seguenti punti:<\/p>\n<ul>\n<li>Internet Explorer: Herramientas -&gt; Opciones de Internet -&gt; Privacidad -&gt; Configuraci\u00f3n.<\/li>\n<li>Firefox: Herramientas -&gt; Opciones -&gt; Privacidad -&gt; Historial -&gt; Configuraci\u00f3n Personalizada.<\/li>\n<li>Chrome: Configuraci\u00f3n -&gt; Mostrar opciones avanzadas -&gt; Privacidad -&gt; Configuraci\u00f3n de contenido.<\/li>\n<li>Safari: Preferencias -&gt; Seguridad.<\/li>\n<\/ul>\n<ul>\n<li>Per ulteriori informazioni su Internet Explorer, fare clic <a href=\"http:\/\/windows.microsoft.com\/es-ES\/windows\/support\">qui<\/a>.<\/li>\n<li>Per ulteriori informazioni su Firefox, fare clic <a href=\"http:\/\/support.mozilla.org\/es\/home\">qui<\/a>.<\/li>\n<li>Per ulteriori informazioni su Chrome, fare clic <a href=\"http:\/\/support.google.com\/chrome\/?hl=es\">qui<\/a>.<\/li>\n<li>Per ulteriori informazioni su Safari, fare clic <a href=\"http:\/\/www.apple.com\/es\/support\/safari\/\">qui<\/a>.<\/li>\n<li>Per ulteriori informazioni su Opera, fare clic <a href=\"http:\/\/help.opera.com\/Linux\/10.60\/es-ES\/cookies.html\">qui<\/a>.<\/li>\n<\/ul>\n<p>La presente Politica sui cookie pu\u00f2 essere modificata in base a requisiti legislativi o normativi, o con l&#8217;obiettivo di adattare tale politica alle istruzioni emanate dall&#8217;Agenzia spagnola per la protezione dei dati, per cui si consiglia agli utenti di visitarla periodicamente.<\/p>\n<p>In caso di modifiche significative alla presente Politica sui cookie, queste saranno comunicate agli utenti tramite il sito web o via e-mail agli utenti registrati.<\/p>\n<\/div><\/div>\n\n<p><\/p>\n\n<p>Se si desidera ripristinare la barra inferiore delle impostazioni dei cookie, fare clic sul seguente link e aggiornare la pagina:<\/p>\n<a href=\"\" class=\"cookielawinfo-cookie-delete\">Elimina i Cookie<\/a>\n","protected":false},"excerpt":{"rendered":"<p>Politica sui cookie Sul sito https:\/\/magnum-partners.com\/ utilizziamo i cookie per facilitare il rapporto tra i visitatori e i nostri contenuti e per consentirci di compilare statistiche sulle visite ricevute. In conformit\u00e0 alla Direttiva 2009\/136\/CE, recepita nel nostro ordinamento dall&#8217;articolo 22, secondo comma, della Legge sui Servizi della Societ\u00e0 dell&#8217;Informazione e seguendo le linee guida dell&#8217;Agenzia [&hellip;]<\/p>\n","protected":false},"author":1,"featured_media":0,"parent":0,"menu_order":7,"comment_status":"closed","ping_status":"closed","template":"","meta":{"_acf_changed":false,"footnotes":""},"class_list":["post-23641","page","type-page","status-publish","hentry"],"acf":[],"_links":{"self":[{"href":"https:\/\/www.magnum-partners.com\/it\/wp-json\/wp\/v2\/pages\/23641","targetHints":{"allow":["GET"]}}],"collection":[{"href":"https:\/\/www.magnum-partners.com\/it\/wp-json\/wp\/v2\/pages"}],"about":[{"href":"https:\/\/www.magnum-partners.com\/it\/wp-json\/wp\/v2\/types\/page"}],"author":[{"embeddable":true,"href":"https:\/\/www.magnum-partners.com\/it\/wp-json\/wp\/v2\/users\/1"}],"replies":[{"embeddable":true,"href":"https:\/\/www.magnum-partners.com\/it\/wp-json\/wp\/v2\/comments?post=23641"}],"version-history":[{"count":1,"href":"https:\/\/www.magnum-partners.com\/it\/wp-json\/wp\/v2\/pages\/23641\/revisions"}],"predecessor-version":[{"id":23642,"href":"https:\/\/www.magnum-partners.com\/it\/wp-json\/wp\/v2\/pages\/23641\/revisions\/23642"}],"wp:attachment":[{"href":"https:\/\/www.magnum-partners.com\/it\/wp-json\/wp\/v2\/media?parent=23641"}],"curies":[{"name":"wp","href":"https:\/\/api.w.org\/{rel}","templated":true}]}}