{"id":23644,"date":"2017-05-17T18:27:53","date_gmt":"2017-05-17T16:27:53","guid":{"rendered":"https:\/\/www.magnum-partners.com\/avviso-legale\/"},"modified":"2017-05-17T18:27:53","modified_gmt":"2017-05-17T16:27:53","slug":"avviso-legale","status":"publish","type":"page","link":"https:\/\/www.magnum-partners.com\/it\/avviso-legale\/","title":{"rendered":"Avviso legale"},"content":{"rendered":"<p><strong>PROPRIET\u00c0<\/strong><\/p>\n<p>In conformit\u00e0 con la Legge 34\/2002, dell&#8217;11 luglio, sui Servizi della Societ\u00e0 dell&#8217;Informazione e del Commercio Elettronico (LSSI-CE), <strong>MAGNUM &amp; PARTNERS REAL ESTATE S. L. <\/strong>(di seguito <strong>MAGNUM &amp; PARTNERS<\/strong>), in conformit\u00e0 con i requisiti dell&#8217;articolo 10 della suddetta Legge, vi informa dei seguenti dettagli:<\/p>\n<p><strong>MAGNUM &amp; PARTNERS, <\/strong>societ\u00e0 con C.I.F. B85815942, iscritta al Registro Mercantile di Madrid, al Volume 27.200, Folio 20, Sezione 8\u00aa e Pagina M-490063, con sede legale in C\/Sagasta 15, 5\u00ba izquierda &#8211; Madrid, 28004 Madrid, proprietaria del sito web <a href=\"https:\/\/new.magnum-partners.com\">www.magnum-partners.com<\/a> L&#8217;indirizzo e-mail per contattare la societ\u00e0 \u00e8: <a href=\"mailto:myp@magnum-partners.es\">myp@magnum-partners.es.<\/a><\/p>\n<p><strong>CONDIZIONI GENERALI DI UTILIZZO<\/strong><\/p>\n<p>Il presente Avviso Legale stabilisce le condizioni d&#8217;uso che regolano l&#8217;accesso e l&#8217;utilizzo del sito <a href=\"https:\/\/new.magnum-partners.com\">www.magnum-partners.com<\/a> (di seguito, il sito o il sito web), <strong>MAGNUM &amp; PARTNERS<\/strong> mette il sito web a disposizione degli utenti di Internet, al fine di fornire loro informazioni sui propri servizi, programmi o dati.<\/p>\n<p>Vi diamo il benvenuto e vi invitiamo a leggere attentamente le Condizioni Generali d&#8217;Uso di questo Sito Web (di seguito, le Condizioni Generali d&#8217;Uso) che descrivono i termini e le condizioni che saranno applicabili alla vostra navigazione nello stesso, in conformit\u00e0 alle disposizioni della normativa spagnola applicabile, indipendentemente dalle Condizioni Generali di Contratto che, ove applicabili, sono obbligatorie. Poich\u00e9 <strong>MAGNUM &amp; PARTNERS <\/strong>potr\u00e0 modificare in futuro le presenti Condizioni d&#8217;uso, si consiglia di visitarle periodicamente per essere debitamente informati di eventuali modifiche apportate. <\/p>\n<p>Al fine di garantire che l&#8217;utilizzo del Sito risponda a criteri di trasparenza, chiarezza e semplicit\u00e0, si informa che eventuali suggerimenti, dubbi o quesiti relativi alle Condizioni Generali d&#8217;Uso saranno ricevuti e risolti contattando <strong>MAGNUM &amp; PARTNERS<\/strong> all&#8217;indirizzo sopra indicato.<\/p>\n<ol>\n<li><strong> Oggetto<\/strong><\/li>\n<\/ol>\n<p><strong>MAGNUM &amp; PARTNERS <\/strong>fornisce i contenuti e i servizi disponibili sul Sito web, nel rispetto delle presenti Condizioni generali d&#8217;uso, nonch\u00e9 della politica sul trattamento dei dati personali (di seguito, la Politica sulla privacy). L&#8217;accesso al Sito o il suo utilizzo in qualsiasi modo conferisce lo status di Utente e implica l&#8217;accettazione senza riserve di tutte le presenti Condizioni generali d&#8217;uso, che ci riserviamo di modificare in qualsiasi momento. Di conseguenza, \u00e8 responsabilit\u00e0 di tutti gli Utenti leggere attentamente le Condizioni Generali d&#8217;Uso in vigore ogni volta che accedono a questo Sito e, pertanto, se non si \u00e8 d&#8217;accordo con una qualsiasi di esse, \u00e8 necessario astenersi dall&#8217;utilizzare questo Sito.  <\/p>\n<p>L&#8217;utente \u00e8 inoltre informato del fatto che, a volte, possono essere stabilite condizioni speciali per l&#8217;utilizzo di specifici contenuti e\/o servizi del Sito web; l&#8217;utilizzo di tali contenuti o servizi implica l&#8217;accettazione delle condizioni speciali ivi specificate.<\/p>\n<ol start=\"2\">\n<li><strong> Servizi<\/strong><\/li>\n<\/ol>\n<p>Attraverso il Sito web, offriamo agli Utenti la possibilit\u00e0 di accedere a informazioni sui nostri servizi, programmi o dati (di seguito \u201ci Servizi\u201d). <\/p>\n<ol start=\"3\">\n<li><strong> Privacy e trattamento dei dati<\/strong><\/li>\n<\/ol>\n<p>Quando \u00e8 necessario fornire dati personali per accedere a determinati contenuti o servizi, gli Utenti dovranno garantire la loro veridicit\u00e0, accuratezza, autenticit\u00e0 e validit\u00e0. L&#8217;azienda sottoporr\u00e0 questi dati al trattamento automatizzato corrispondente alla loro natura o finalit\u00e0, nei termini indicati nella sezione <u>Informativa sulla privacy.<\/u> <\/p>\n<ol start=\"4\">\n<li><strong> Propriet\u00e0 industriale e intellettuale<\/strong><\/li>\n<\/ol>\n<p>L&#8217;Utente riconosce e accetta che tutti i contenuti visualizzati sul Sito e, in particolare, i disegni, i testi, le immagini, i loghi, le icone, i pulsanti, i software, le denominazioni commerciali, i marchi o qualsiasi altro segno suscettibile di uso industriale e\/o commerciale sono soggetti a diritti di Propriet\u00e0 Intellettuale e tutti i marchi, le denominazioni commerciali o i segni distintivi, tutti i diritti di propriet\u00e0 industriale e intellettuale, sui contenuti e\/o su qualsiasi altro elemento inserito nella pagina, che sono di propriet\u00e0 esclusiva di <strong>MAGNUM &amp; PARTNERS <\/strong>e\/o di terzi, che hanno il diritto esclusivo di utilizzarli nell&#8217;ambito del commercio. Pertanto, l&#8217;Utente si impegna a non riprodurre, copiare, distribuire, mettere a disposizione o in qualsiasi altro modo comunicare pubblicamente, trasformare o modificare tali contenuti, tenendo indenne la societ\u00e0 da qualsiasi pretesa derivante dalla violazione di tali obblighi. In nessun caso l&#8217;accesso al Sito implica alcun tipo di rinuncia, trasmissione, licenza o trasferimento totale o parziale di tali diritti, salvo espressa indicazione contraria. Le presenti Condizioni Generali di Utilizzo del Sito non concedono agli Utenti alcun altro diritto di utilizzo, alterazione, sfruttamento, riproduzione, distribuzione o comunicazione pubblica del Sito e\/o dei suoi Contenuti oltre a quelli espressamente previsti nel presente documento. Qualsiasi altro uso o sfruttamento di qualsiasi diritto sar\u00e0 soggetto all&#8217;autorizzazione preventiva ed esplicita concessa a tal fine dalla societ\u00e0 o dal terzo titolare dei diritti in questione.    <\/p>\n<p>I contenuti, i testi, i fotogrammi, i disegni, i loghi, le immagini, i programmi informatici, i codici sorgente e, in generale, qualsiasi creazione intellettuale esistente in questo sito, nonch\u00e9 il sito stesso nel suo complesso, in quanto opera artistica multimediale, sono protetti come diritti d&#8217;autore dalla legislazione sulla propriet\u00e0 intellettuale. La societ\u00e0 \u00e8 proprietaria degli elementi che compongono la grafica del Sito Web, dei pulsanti di navigazione, del codice, dei testi, delle immagini, delle texture, della grafica e di qualsiasi altro contenuto del Sito Web o, in ogni caso, dispone della corrispondente autorizzazione all&#8217;uso di tali elementi. Il contenuto fornito dal Sito Web non pu\u00f2 essere riprodotto in tutto o in parte, n\u00e9 trasmesso, n\u00e9 registrato da alcun sistema di recupero di informazioni, in alcuna forma o con alcun mezzo, a meno che non sia stata ottenuta la preventiva autorizzazione scritta da parte dell&#8217;Entit\u00e0 summenzionata.  <\/p>\n<p>Allo stesso modo, \u00e8 vietato cancellare, eludere e\/o manipolare il \u201ccopyright\u201d cos\u00ec come i dispositivi tecnici di protezione, o qualsiasi meccanismo di informazione che possa contenere i contenuti. L&#8217;Utente di questo Sito Web si impegna a rispettare i suddetti diritti e a evitare qualsiasi azione che possa danneggiarli, riservando in ogni caso alla societ\u00e0 l&#8217;esercizio di tutti i mezzi o le azioni legali che possano corrispondere alla difesa dei suoi legittimi diritti di propriet\u00e0 intellettuale e industriale. <\/p>\n<p><strong>MAGNUM &amp; PARTNERS<\/strong> pu\u00f2 includere nel proprio sito web la menzione di marchi o materiali soggetti a diritti di propriet\u00e0 intellettuale o industriale di terzi, che in ogni caso corrispondono ai loro proprietari e il cui utilizzo avviene o in base ai contratti stipulati con i proprietari o in base alle disposizioni del Testo Rivisto della Legge sulla Propriet\u00e0 Intellettuale.<\/p>\n<ol start=\"5\">\n<li><strong> Obblighi e responsabilit\u00e0 dell&#8217;utente del sito web<\/strong><\/li>\n<\/ol>\n<p>L&#8217;Utente accetta di:<\/p>\n<ol>\n<li>a) fare un uso corretto e lecito del sito web, nonch\u00e9 dei contenuti e dei servizi, in conformit\u00e0 con:<\/li>\n<\/ol>\n<ul>\n<li>la legislazione applicabile in un determinato momento;<\/li>\n<li>le Condizioni Generali di Utilizzo del Sito Web;<\/li>\n<li>morale e buone abitudini generalmente accettate, e<\/li>\n<li>ordine pubblico.<\/li>\n<\/ul>\n<ol>\n<li>b) fornire tutti i mezzi e i requisiti tecnici necessari per accedere al Sito Web.<\/li>\n<li>c) fornire informazioni veritiere quando si compilano i moduli contenuti nel Sito Web con i dati personali e mantenerli sempre aggiornati in modo che rispondano, in ogni momento, alla situazione reale dell&#8217;Utente. L&#8217;Utente sar\u00e0 l&#8217;unico responsabile di eventuali dichiarazioni false o inesatte e dei danni causati all&#8217;azienda o a terzi per le informazioni fornite. <\/li>\n<\/ol>\n<p>Nonostante le disposizioni del paragrafo precedente, l&#8217;Utente dovr\u00e0 inoltre astenersi da:<\/p>\n<ol>\n<li>Fare un uso non autorizzato o fraudolento del Sito e\/o dei suoi contenuti per scopi o effetti illeciti, vietati dalle presenti Condizioni Generali d&#8217;Uso, lesivi dei diritti e degli interessi di terzi, o che in qualsiasi modo possano danneggiare, rendere inutilizzabili, sovraccaricare, deteriorare o impedire il normale utilizzo dei servizi o dei documenti, dei file e di tutti i tipi di contenuti memorizzati in qualsiasi apparecchiatura informatica.<\/li>\n<li>Accessing or attempting to access resources or restricted areas of the Web Site, without complying with the conditions required for such access.<\/li>\n<li>Cause damage to the physical or logical systems of the Website, its suppliers or third parties.<\/li>\n<li>Introduce or disseminate computer viruses or any other physical or logical systems that are likely to cause damage to the physical or logical systems of the company, suppliers or third parties.<\/li>\n<li>Attempt to access, use and\/or manipulate the data of the company, third party providers and other Users.<\/li>\n<li>Reproduce or copy, distribute, allow public access through any form of public communication, transform or modify the contents, unless authorized by the holder of the corresponding rights or it is legally permitted.<\/li>\n<li>Delete, hide or manipulate the notes on intellectual or industrial property rights and other data identifying the rights of the company or third parties included in the contents, as well as technical protection devices or any information mechanisms that may be inserted in the contents.<\/li>\n<li>Ottenere e tentare di ottenere i contenuti con mezzi o procedure diversi da quelli che, a seconda dei casi, sono stati messi a disposizione a tale scopo o sono stati espressamente indicati nelle pagine web in cui si trovano i contenuti o, in generale, quelli comunemente utilizzati su Internet perch\u00e9 non comportano il rischio di danneggiare o disattivare il sito web e\/o i contenuti.<\/li>\n<li>In particolare, a titolo meramente esemplificativo e non esaustivo, l&#8217;Utente si impegna a non trasmettere, diffondere o mettere a disposizione di terzi informazioni, dati, contenuti, messaggi, grafici, disegni, file sonori e\/o di immagine, fotogrammi, registrazioni, software e, in generale, qualsiasi tipo di materiale che: \u201cIn qualsiasi modo sia contrario, denigri o violi i diritti fondamentali e le libert\u00e0 pubbliche riconosciute dalla Costituzione, dai Trattati Internazionali e dal resto della legislazione vigente\u201d. Induce, incita o promuove azioni criminali, denigratorie, diffamatorie o violente o, in generale, azioni contrarie alla legge, alla morale, ai buoni costumi generalmente accettati o all&#8217;ordine pubblico&#8221;. Induce, incita o promuove azioni, atteggiamenti o pensieri discriminatori per motivi di sesso, razza, religione, convinzioni, et\u00e0 o condizione&#8221;. Incorpora, mette a disposizione o consente l&#8217;accesso a prodotti, elementi, messaggi e\/o servizi criminali, violenti, offensivi, dannosi, degradanti o, in generale, contrari alla legge, alla morale, ai buoni costumi generalmente accettati o all&#8217;ordine pubblico&#8221;. Induce o pu\u00f2 indurre uno stato inaccettabile di ansia o paura&#8221;. Induce o incita a pratiche pericolose, rischiose o dannose per la salute e l&#8217;equilibrio mentale&#8221;. \u00c8 protetto dalla legislazione sulla protezione intellettuale o industriale appartenente all&#8217;azienda o a terzi senza essere stato autorizzato per l&#8217;uso previsto&#8221;. \u00c8 contrario all&#8217;onore, alla privacy personale e familiare o all&#8217;immagine di s\u00e9 delle persone&#8221;. Costituisce qualsiasi tipo di pubblicit\u00e0. Include qualsiasi tipo di virus o programma che impedisca il normale funzionamento del Sito web.<\/li>\n<\/ol>\n<p>Se, per accedere a uno qualsiasi dei servizi e\/o contenuti del Sito, vi viene fornita una password, vi impegnate a utilizzarla con diligenza, mantenendola sempre segreta. Di conseguenza, sar\u00e0 responsabile della sua corretta custodia e riservatezza, impegnandosi a non cederla a terzi, temporaneamente o permanentemente, o a consentire l&#8217;accesso ai suddetti servizi e\/o contenuti da parte di estranei. Allo stesso modo, si impegna a comunicare alla societ\u00e0 qualsiasi evento che possa comportare l&#8217;uso improprio della propria password, come, a titolo esemplificativo e non esaustivo, il furto, lo smarrimento o l&#8217;accesso non autorizzato, al fine di procedere alla sua immediata cancellazione. Di conseguenza, fino a quando non verr\u00e0 effettuata la suddetta notifica, <strong>MAGNUM &amp; PARTNERS<\/strong> sar\u00e0 esente da qualsiasi responsabilit\u00e0 che possa derivare dall&#8217;uso improprio della password dell&#8217;utente, e sar\u00e0 responsabile di qualsiasi uso illecito dei contenuti e\/o dei servizi del Sito Web da parte di terzi illegittimi. Se l&#8217;utente viola per negligenza o in modo fraudolento uno qualsiasi degli obblighi stabiliti nelle presenti Condizioni generali d&#8217;uso, sar\u00e0 responsabile di tutti i danni che potrebbero derivare alla societ\u00e0 a seguito di tale violazione.    <\/p>\n<ol start=\"6\">\n<li><strong> Responsabilit\u00e0<\/strong><\/li>\n<\/ol>\n<p><strong>MAGNUM &amp; PARTNERS<\/strong> non garantisce l&#8217;accesso continuo, n\u00e9 la corretta visualizzazione, il download o l&#8217;utilizzo degli elementi e delle informazioni contenute nel sito, che possono essere impediti, ostacolati o interrotti da fattori o circostanze al di fuori del suo controllo. Non si assume alcuna responsabilit\u00e0 per eventuali decisioni prese in seguito all&#8217;accesso ai contenuti o alle informazioni offerte. <\/p>\n<p><strong>MAGNUM &amp; PARTNERS<\/strong> pu\u00f2 interrompere il servizio o interrompere immediatamente il rapporto con l&#8217;Utente se rileva che l&#8217;uso del suo Sito web o di uno qualsiasi dei servizi offerti \u00e8 contrario alle presenti Condizioni generali d&#8217;uso. PARTNERS non sar\u00e0 responsabile di eventuali danni, perdite, reclami o spese derivanti dall&#8217;uso del Sito Web. <\/p>\n<p>Sar\u00e0 responsabile solo della rimozione, nel pi\u00f9 breve tempo possibile, dei contenuti che possono causare tali danni, a condizione che ci\u00f2 venga notificato. In particolare, non \u00e8 responsabile dei danni che possono derivare, tra l&#8217;altro, da: <\/p>\n<ol>\n<li>interferenze, interruzioni, guasti, omissioni, guasti telefonici, ritardi, blocchi o disconnessioni nel funzionamento del sistema elettronico, causati da carenze, sovraccarichi ed errori nelle linee e nelle reti di telecomunicazione, o da qualsiasi altra causa al di fuori del controllo della societ\u00e0.<\/li>\n<li>interferenze illecite attraverso l&#8217;uso di software dannoso di qualsiasi tipo e con qualsiasi mezzo di comunicazione, come virus informatici o qualsiasi altro mezzo.<\/li>\n<li>abuso improprio o inopportuno del Sito.<\/li>\n<li>errori di sicurezza o di navigazione causati da un malfunzionamento del browser o dall&#8217;utilizzo di versioni non aggiornate del browser. Gli amministratori della societ\u00e0 si riservano il diritto di ritirare, in tutto o in parte, qualsiasi contenuto o informazione presente sul Sito. <\/li>\n<\/ol>\n<p><strong>MAGNUM &amp; PARTNERS<\/strong> esclude qualsiasi responsabilit\u00e0 per i danni di qualsiasi tipo che possano essere dovuti all&#8217;uso improprio dei servizi liberamente disponibili e utilizzati dagli Utenti del Sito. Allo stesso modo, \u00e8 esonerata da qualsiasi responsabilit\u00e0 per il contenuto e le informazioni che possono essere ricevute come risultato dei moduli di raccolta dati, essendo lo stesso solo per la fornitura dei servizi di consulenza e dubbi. D&#8217;altra parte, nel caso in cui si verifichino danni dovuti a un uso illecito o scorretto di tali servizi, l&#8217;Utente potr\u00e0 essere chiamato a rispondere dei danni causati.  <\/p>\n<p>L&#8217;utente si impegna a difendere, indennizzare e tenere indenne la Societ\u00e0 da qualsiasi reclamo, azione o richiesta da parte di terzi derivante dall&#8217;accesso o dall&#8217;utilizzo del sito web da parte dell&#8217;utente. Accettate inoltre di indennizzare la Societ\u00e0 da qualsiasi danno derivante dall&#8217;uso di robot, spider, coral reefers o strumenti simili utilizzati per raccogliere o estrarre dati o da qualsiasi altra azione da parte vostra che imponga un onere irragionevole sul funzionamento del Sito web. <\/p>\n<ol start=\"7\">\n<li><strong> Collegamenti ipertestuali<\/strong><\/li>\n<\/ol>\n<p>L&#8217;Utente si impegna a non riprodurre in alcun modo, anche attraverso un collegamento ipertestuale o un hyperlink, il Sito Web o qualsiasi suo contenuto, salvo espressa autorizzazione scritta del responsabile del file.<\/p>\n<p>Il Sito include collegamenti ad altri siti web gestiti da terzi, al fine di facilitare l&#8217;accesso dell&#8217;Utente alle informazioni di aziende collaboratrici e\/o sponsor. Di conseguenza, la societ\u00e0 non \u00e8 responsabile del contenuto di tali siti web, n\u00e9 si trova in una posizione di garante e\/o fornitore dei servizi e\/o delle informazioni che possono essere offerti a terzi attraverso i link di terzi. <\/p>\n<p>All&#8217;Utente viene concesso il diritto limitato, revocabile e non esclusivo di creare collegamenti alla home page del Sito web esclusivamente per uso privato e non commerciale. Siti web che includono un link al nostro Sito web <\/p>\n<ol>\n<li>non possono travisare il loro rapporto o affermare che tale link sia stato autorizzato, n\u00e9 possono includere marchi, nomi, denominazioni commerciali, loghi o altri segni distintivi della nostra azienda;<\/li>\n<li>non possono includere contenuti che possano essere considerati di cattivo gusto, osceni, offensivi, controversi, che incitino alla violenza o alla discriminazione per motivi di sesso, razza o religione, contrari all&#8217;ordine pubblico o illegali;<\/li>\n<li>non pu\u00f2 collegarsi a nessuna pagina del sito web diversa dalla home page;<\/li>\n<li>l&#8217;utente deve collegarsi all&#8217;indirizzo del Sito web stesso, senza permettere al sito web che si collega di riprodurre il Sito web come parte del proprio sito web o all&#8217;interno di una delle proprie frasi o di creare un browser su una qualsiasi delle pagine del Sito web.<\/li>\n<\/ol>\n<p><strong>MAGNUM &amp; PARTNERS <\/strong>pu\u00f2 richiedere, in qualsiasi momento, che l&#8217;utente rimuova qualsiasi link al Sito web, dopodich\u00e9 dovr\u00e0 procedere immediatamente alla rimozione del link. <strong>MAGNUM &amp; PARTNERS<\/strong> non pu\u00f2 controllare le informazioni, i contenuti, i prodotti o i servizi forniti da altri siti web che hanno stabilito collegamenti al Sito.<\/p>\n<ol start=\"8\">\n<li><strong> Protezione dei dati<\/strong><\/li>\n<\/ol>\n<p>Per poter utilizzare alcuni dei Servizi, gli Utenti devono prima fornire alcuni dati personali. A tal fine,  <strong>MAGNUM &amp; PARTNERS<\/strong> trattare i Dati Personali in modo automatizzato in conformit\u00e0 con il <strong>Legge organica 3\/2018, del 5 dicembre, sulla protezione dei dati personali e la garanzia dei diritti digitali.<\/strong><strong> e del REGOLAMENTO (UE) 2016\/679 DEL PARLAMENTO EUROPEO E DEL CONSIGLIO del 27 aprile 2016.<\/strong>L&#8217;Utente pu\u00f2 accedere alla politica seguita nel trattamento dei dati personali, nonch\u00e9 alla definizione delle finalit\u00e0 precedentemente stabilite, alle disposizioni definite nelle condizioni definite nell&#8217;Informativa sulla privacy che il Sito web presenta, nonch\u00e9 alla definizione delle finalit\u00e0 precedentemente stabilite, alle disposizioni definite nelle condizioni definite nell&#8217;Informativa sulla privacy che il Sito web presenta. A tal fine, l&#8217;Utente pu\u00f2 accedere alla politica seguita nel trattamento dei dati personali, nonch\u00e9 alla definizione delle finalit\u00e0 precedentemente stabilite, come indicato nelle condizioni definite nell&#8217;<u>Informativa sulla privacy<\/u> presentata sul Sito web. <\/p>\n<ol start=\"9\">\n<li><strong> Cookies<\/strong><\/li>\n<\/ol>\n<p><strong>MAGNUM &amp; PARTNERS<\/strong> si riserva il diritto di utilizzare la tecnologia dei cookie sul Sito web, al fine di riconoscere l&#8217;utente come utente abituale e di personalizzare l&#8217;utilizzo del Sito web mediante la preselezione della lingua o di contenuti pi\u00f9 desiderati o specifici. I cookie utilizzati dal Sito web, o da terzi che agiscono per suo conto, sono associati esclusivamente a un utente anonimo e al suo computer, e non forniscono di per s\u00e9 i dati personali dell&#8217;utente. <\/p>\n<p>I cookie sono file inviati a un browser da un server Web per registrare la navigazione dell&#8217;Utente sul Sito Web, quando l&#8217;Utente ne consente la ricezione. Se lo desiderate, potete configurare il vostro browser in modo da essere avvisati sullo schermo della ricezione dei cookie e da impedire l&#8217;installazione dei cookie sul vostro disco rigido. Per ulteriori informazioni, consultare le istruzioni e i manuali del proprio browser.  <\/p>\n<p>Grazie ai cookie, <strong>MAGNUM &amp; PARTNERS<\/strong> pu\u00f2 riconoscere il browser del computer utilizzato dall&#8217;Utente per fornire contenuti e offrire le preferenze di navigazione o pubblicitarie dell&#8217;Utente, i profili demografici degli Utenti, nonch\u00e9 misurare le visite e i parametri di traffico, monitorare i progressi e il numero di accessi.<\/p>\n<ol start=\"10\">\n<li><strong> Durata e termine<\/strong><\/li>\n<\/ol>\n<p>La fornitura del servizio di questo Sito web e degli altri servizi ha in linea di principio una durata indefinita. Tuttavia, <strong>MAGNUM &amp; PARTNERS<\/strong> pu\u00f2 interrompere o sospendere qualsiasi servizio del portale. Quando possibile, <strong>MAGNUM &amp; PARTNERS<\/strong> annuncer\u00e0 la cessazione o la sospensione della fornitura di un servizio specifico.  <\/p>\n<ol start=\"11\">\n<li><strong> Dichiarazioni e garanzie<\/strong><\/li>\n<\/ol>\n<p>In generale, i contenuti e i servizi offerti sul Sito Web hanno uno scopo puramente informativo. Pertanto, offrendoli, <strong>MAGNUM &amp; PARTNERS<\/strong> non fornisce alcuna garanzia o dichiarazione in relazione ai contenuti e ai servizi offerti sul Sito web, comprese, ma non solo, le garanzie di legalit\u00e0, affidabilit\u00e0, utilit\u00e0, veridicit\u00e0, accuratezza o commerciabilit\u00e0, salvo nella misura in cui tali dichiarazioni e garanzie non possano essere escluse per legge. <\/p>\n<ol start=\"12\">\n<li><strong> Forza maggiore<\/strong><\/li>\n<\/ol>\n<p><strong>MAGNUM &amp; PARTNERS<\/strong> non sar\u00e0 responsabile in caso di impossibilit\u00e0 a fornire il servizio, se ci\u00f2 \u00e8 dovuto a interruzioni prolungate della fornitura di energia elettrica, linee di telecomunicazione, conflitti sociali, scioperi, ribellioni, esplosioni, inondazioni, atti e omissioni del Governo, e in generale tutti i casi di forza maggiore o atti di Dio.<\/p>\n<ol start=\"13\">\n<li><strong> Risoluzione delle controversie. Legge applicabile e giurisdizione <\/strong><\/li>\n<\/ol>\n<p>Le presenti Condizioni generali d&#8217;uso, cos\u00ec come l&#8217;utilizzo del Sito web, sono disciplinate dalla legge spagnola. Le parti si sottomettono alle corti e ai tribunali di Madrid per la risoluzione dei conflitti, rinunciando a qualsiasi altra giurisdizione. <\/p>\n<p>Nel caso in cui una qualsiasi disposizione delle presenti Condizioni generali d&#8217;uso sia inapplicabile o non valida ai sensi della legge applicabile o come risultato di una decisione giudiziaria o amministrativa, tale inapplicabilit\u00e0 o invalidit\u00e0 non render\u00e0 le presenti Condizioni generali d&#8217;uso inapplicabili o non valide nel loro complesso. In tali casi, <strong>MAGNUM &amp; PARTNERS<\/strong> proceder\u00e0 a modificare o sostituire tale stipulazione con un&#8217;altra che sia valida e applicabile e che, per quanto possibile, raggiunga l&#8217;obiettivo e l&#8217;intento riflessi nella stipulazione originale. <\/p>\n","protected":false},"excerpt":{"rendered":"<p>PROPRIET\u00c0 In conformit\u00e0 con la Legge 34\/2002, dell&#8217;11 luglio, sui Servizi della Societ\u00e0 dell&#8217;Informazione e del Commercio Elettronico (LSSI-CE), MAGNUM &amp; PARTNERS REAL ESTATE S. L. (di seguito MAGNUM &amp; PARTNERS), in conformit\u00e0 con i requisiti dell&#8217;articolo 10 della suddetta Legge, vi informa dei seguenti dettagli: MAGNUM &amp; PARTNERS, societ\u00e0 con C.I.F. B85815942, iscritta al [&hellip;]<\/p>\n","protected":false},"author":1,"featured_media":0,"parent":0,"menu_order":10,"comment_status":"closed","ping_status":"closed","template":"","meta":{"_acf_changed":false,"footnotes":""},"class_list":["post-23644","page","type-page","status-publish","hentry"],"acf":[],"_links":{"self":[{"href":"https:\/\/www.magnum-partners.com\/it\/wp-json\/wp\/v2\/pages\/23644","targetHints":{"allow":["GET"]}}],"collection":[{"href":"https:\/\/www.magnum-partners.com\/it\/wp-json\/wp\/v2\/pages"}],"about":[{"href":"https:\/\/www.magnum-partners.com\/it\/wp-json\/wp\/v2\/types\/page"}],"author":[{"embeddable":true,"href":"https:\/\/www.magnum-partners.com\/it\/wp-json\/wp\/v2\/users\/1"}],"replies":[{"embeddable":true,"href":"https:\/\/www.magnum-partners.com\/it\/wp-json\/wp\/v2\/comments?post=23644"}],"version-history":[{"count":0,"href":"https:\/\/www.magnum-partners.com\/it\/wp-json\/wp\/v2\/pages\/23644\/revisions"}],"wp:attachment":[{"href":"https:\/\/www.magnum-partners.com\/it\/wp-json\/wp\/v2\/media?parent=23644"}],"curies":[{"name":"wp","href":"https:\/\/api.w.org\/{rel}","templated":true}]}}